{"id":399,"date":"2018-08-16T09:33:58","date_gmt":"2018-08-16T09:33:58","guid":{"rendered":"https:\/\/samba-resille.org\/international-platform\/?page_id=399"},"modified":"2024-10-09T16:24:17","modified_gmt":"2024-10-09T16:24:17","slug":"erasmus","status":"publish","type":"page","link":"https:\/\/samba-resille.org\/international-platform\/en\/accueil\/erasmus\/","title":{"rendered":"ERASMUS+"},"content":{"rendered":"<div data-elementor-type=\"wp-post\" data-elementor-id=\"399\" class=\"elementor elementor-399\" wpc-filter-elementor-widget=\"1\" data-elementor-post-type=\"page\">\n\t\t\t\t\t\t<section class=\"elementor-section elementor-top-section elementor-element elementor-element-13ee222d elementor-section-boxed elementor-section-height-default elementor-section-height-default wpr-particle-no wpr-jarallax-no wpr-parallax-no wpr-sticky-section-no wpr-equal-height-no\" data-id=\"13ee222d\" data-element_type=\"section\" data-e-type=\"section\">\n\t\t\t\t\t\t<div class=\"elementor-container elementor-column-gap-default\">\n\t\t\t\t\t<div class=\"elementor-column elementor-col-100 elementor-top-column elementor-element elementor-element-11e0956a\" data-id=\"11e0956a\" data-element_type=\"column\" data-e-type=\"column\">\n\t\t\t<div class=\"elementor-widget-wrap elementor-element-populated\">\n\t\t\t\t\t\t<div class=\"elementor-element elementor-element-2a2122e1 elementor-widget elementor-widget-text-editor\" data-id=\"2a2122e1\" data-element_type=\"widget\" data-e-type=\"widget\" data-widget_type=\"text-editor.default\">\n\t\t\t\t<div class=\"elementor-widget-container\">\n\t\t\t\t\t\t\t\t\t<h4>Pr\u00e9sentation du programme <a href=\"https:\/\/erasmus-plus.ec.europa.eu\/fr\" target=\"_blank\" rel=\"noopener\"><img decoding=\"async\" class=\"wp-image-491 alignnone\" src=\"https:\/\/samba-resille.org\/international-platform\/wp-content\/uploads\/2018\/08\/EU-flag-Erasmus_vect_POS-300x86.png\" alt=\"\" width=\"171\" height=\"49\" srcset=\"https:\/\/samba-resille.org\/international-platform\/wp-content\/uploads\/2018\/08\/EU-flag-Erasmus_vect_POS-300x86.png 300w, https:\/\/samba-resille.org\/international-platform\/wp-content\/uploads\/2018\/08\/EU-flag-Erasmus_vect_POS-768x219.png 768w, https:\/\/samba-resille.org\/international-platform\/wp-content\/uploads\/2018\/08\/EU-flag-Erasmus_vect_POS.png 943w\" sizes=\"(max-width: 171px) 100vw, 171px\" \/><\/a><\/h4><p>Erasmus+ est le programme de l\u2019UE en faveur de l\u2019\u00e9ducation, de la formation, de la jeunesse et du sport en Europe.<\/p><p>Son budget est estim\u00e9 \u00e0 26,2 milliards d\u2019euros. Son financement a presque doubl\u00e9 par rapport au programme pr\u00e9c\u00e9dent (2014-2020).<\/p><p>Le programme 2021-2027 met fortement l\u2019accent sur l\u2019inclusion sociale, les transitions \u00e9cologique et num\u00e9rique et la promotion de la participation des jeunes \u00e0 la vie d\u00e9mocratique.<\/p><p>Il soutient les priorit\u00e9s et les activit\u00e9s d\u00e9finies dans le cadre de l\u2019espace europ\u00e9en de l\u2019\u00e9ducation, du plan d\u2019action en mati\u00e8re d\u2019\u00e9ducation num\u00e9rique et de la strat\u00e9gie en mati\u00e8re de comp\u00e9tences pour l\u2019Europe. En outre, Erasmus+:<\/p><p>&#8211; soutient le socle europ\u00e9en des droits sociaux;<br \/>&#8211; met en \u0153uvre la strat\u00e9gie de l\u2019UE en faveur de la jeunesse 2019-2027;<br \/>&#8211; d\u00e9veloppe la dimension europ\u00e9enne du sport.<\/p><p><strong>Possibilit\u00e9s<\/strong><\/p><p>Erasmus+ offre des possibilit\u00e9s de mobilit\u00e9 et de coop\u00e9ration dans :<\/p><p>&#8211; l&rsquo;enseignement sup\u00e9rieur;<br \/>&#8211; l&rsquo;enseignement et la formation professionnels;<br \/>&#8211; l\u2019enseignement scolaire (y compris l\u2019\u00e9ducation et l&rsquo;accueil des jeunes enfants);<br \/>&#8211; l&rsquo;enseignement pour adultes;<br \/>&#8211; la jeunesse;<br \/>&#8211; le sport.<\/p>\t\t\t\t\t\t\t\t<\/div>\n\t\t\t\t<\/div>\n\t\t\t\t\t<\/div>\n\t\t<\/div>\n\t\t\t\t\t<\/div>\n\t\t<\/section>\n\t\t\t\t<section class=\"elementor-section elementor-top-section elementor-element elementor-element-6fbe638 elementor-section-boxed elementor-section-height-default elementor-section-height-default wpr-particle-no wpr-jarallax-no wpr-parallax-no wpr-sticky-section-no wpr-equal-height-no\" data-id=\"6fbe638\" data-element_type=\"section\" data-e-type=\"section\">\n\t\t\t\t\t\t<div class=\"elementor-container elementor-column-gap-default\">\n\t\t\t\t\t<div class=\"elementor-column elementor-col-100 elementor-top-column elementor-element elementor-element-6771dc2\" data-id=\"6771dc2\" data-element_type=\"column\" data-e-type=\"column\">\n\t\t\t<div class=\"elementor-widget-wrap elementor-element-populated\">\n\t\t\t\t\t\t<div class=\"elementor-element elementor-element-9d0d77f elementor-button-info elementor-widget elementor-widget-button\" data-id=\"9d0d77f\" data-element_type=\"widget\" data-e-type=\"widget\" data-widget_type=\"button.default\">\n\t\t\t\t<div class=\"elementor-widget-container\">\n\t\t\t\t\t\t\t\t\t<div class=\"elementor-button-wrapper\">\n\t\t\t\t\t<a class=\"elementor-button elementor-button-link elementor-size-xs\" href=\"https:\/\/erasmus-plus.ec.europa.eu\/fr\" target=\"_blank\">\n\t\t\t\t\t\t<span class=\"elementor-button-content-wrapper\">\n\t\t\t\t\t\t<span class=\"elementor-button-icon\">\n\t\t\t\t<i aria-hidden=\"true\" class=\"fas fa-external-link-alt\"><\/i>\t\t\t<\/span>\n\t\t\t\t\t\t\t\t\t<span class=\"elementor-button-text\">Plus d'informations sur le programme Erasmus+<\/span>\n\t\t\t\t\t<\/span>\n\t\t\t\t\t<\/a>\n\t\t\t\t<\/div>\n\t\t\t\t\t\t\t\t<\/div>\n\t\t\t\t<\/div>\n\t\t\t\t\t<\/div>\n\t\t<\/div>\n\t\t\t\t\t<\/div>\n\t\t<\/section>\n\t\t\t\t<\/div>","protected":false},"excerpt":{"rendered":"<p>Pr\u00e9sentation du programme Erasmus+ est le programme de l\u2019UE en faveur de l\u2019\u00e9ducation, de la formation, de la jeunesse et du sport en Europe. Son budget est estim\u00e9 \u00e0 26,2 milliards d\u2019euros. Son financement a presque doubl\u00e9 par rapport au programme pr\u00e9c\u00e9dent (2014-2020). Le programme 2021-2027 met fortement l\u2019accent sur l\u2019inclusion sociale, les transitions \u00e9cologique et num\u00e9rique et la promotion de la participation des jeunes \u00e0 la vie d\u00e9mocratique. Il soutient les priorit\u00e9s et les activit\u00e9s d\u00e9finies dans le cadre de l\u2019espace europ\u00e9en de l\u2019\u00e9ducation, du plan d\u2019action en mati\u00e8re d\u2019\u00e9ducation num\u00e9rique et de la strat\u00e9gie en mati\u00e8re de comp\u00e9tences pour l\u2019Europe. En outre, Erasmus+: &#8211; soutient le socle europ\u00e9en des droits sociaux;&#8211; met en \u0153uvre la strat\u00e9gie de l\u2019UE en faveur de la jeunesse 2019-2027;&#8211; d\u00e9veloppe la dimension europ\u00e9enne du sport. Possibilit\u00e9s Erasmus+ offre des possibilit\u00e9s de mobilit\u00e9 et de coop\u00e9ration dans : &#8211; l&rsquo;enseignement sup\u00e9rieur;&#8211; l&rsquo;enseignement et la formation professionnels;&#8211; l\u2019enseignement scolaire (y compris l\u2019\u00e9ducation et l&rsquo;accueil des jeunes enfants);&#8211; l&rsquo;enseignement pour adultes;&#8211; la jeunesse;&#8211; le sport. Plus d&rsquo;informations sur le programme Erasmus+<\/p>","protected":false},"author":2,"featured_media":0,"parent":4982,"menu_order":0,"comment_status":"closed","ping_status":"closed","template":"","meta":{"footnotes":""},"categories":[],"tags":[],"class_list":["post-399","page","type-page","status-publish","hentry"],"_links":{"self":[{"href":"https:\/\/samba-resille.org\/international-platform\/en\/wp-json\/wp\/v2\/pages\/399","targetHints":{"allow":["GET"]}}],"collection":[{"href":"https:\/\/samba-resille.org\/international-platform\/en\/wp-json\/wp\/v2\/pages"}],"about":[{"href":"https:\/\/samba-resille.org\/international-platform\/en\/wp-json\/wp\/v2\/types\/page"}],"author":[{"embeddable":true,"href":"https:\/\/samba-resille.org\/international-platform\/en\/wp-json\/wp\/v2\/users\/2"}],"replies":[{"embeddable":true,"href":"https:\/\/samba-resille.org\/international-platform\/en\/wp-json\/wp\/v2\/comments?post=399"}],"version-history":[{"count":1,"href":"https:\/\/samba-resille.org\/international-platform\/en\/wp-json\/wp\/v2\/pages\/399\/revisions"}],"predecessor-version":[{"id":8829,"href":"https:\/\/samba-resille.org\/international-platform\/en\/wp-json\/wp\/v2\/pages\/399\/revisions\/8829"}],"up":[{"embeddable":true,"href":"https:\/\/samba-resille.org\/international-platform\/en\/wp-json\/wp\/v2\/pages\/4982"}],"wp:attachment":[{"href":"https:\/\/samba-resille.org\/international-platform\/en\/wp-json\/wp\/v2\/media?parent=399"}],"wp:term":[{"taxonomy":"category","embeddable":true,"href":"https:\/\/samba-resille.org\/international-platform\/en\/wp-json\/wp\/v2\/categories?post=399"},{"taxonomy":"post_tag","embeddable":true,"href":"https:\/\/samba-resille.org\/international-platform\/en\/wp-json\/wp\/v2\/tags?post=399"}],"curies":[{"name":"wp","href":"https:\/\/api.w.org\/{rel}","templated":true}]}}