{"id":349,"date":"2018-08-08T15:27:29","date_gmt":"2018-08-08T15:27:29","guid":{"rendered":"https:\/\/samba-resille.org\/international-platform\/?page_id=349"},"modified":"2024-03-13T10:33:31","modified_gmt":"2024-03-13T10:33:31","slug":"cest-quoi-le-sve","status":"publish","type":"page","link":"https:\/\/samba-resille.org\/international-platform\/cest-quoi-le-sve\/","title":{"rendered":"C&rsquo;est quoi le CES ?"},"content":{"rendered":"\t\t<div data-elementor-type=\"wp-post\" data-elementor-id=\"349\" class=\"elementor elementor-349\" wpc-filter-elementor-widget=\"1\" data-elementor-post-type=\"page\">\n\t\t\t\t\t\t<section class=\"elementor-section elementor-top-section elementor-element elementor-element-3016d0cb elementor-section-boxed elementor-section-height-default elementor-section-height-default wpr-particle-no wpr-jarallax-no wpr-parallax-no wpr-sticky-section-no\" data-id=\"3016d0cb\" data-element_type=\"section\" data-e-type=\"section\">\n\t\t\t\t\t\t<div class=\"elementor-container elementor-column-gap-default\">\n\t\t\t\t\t<div class=\"elementor-column elementor-col-100 elementor-top-column elementor-element elementor-element-4d437983\" data-id=\"4d437983\" data-element_type=\"column\" data-e-type=\"column\">\n\t\t\t<div class=\"elementor-widget-wrap elementor-element-populated\">\n\t\t\t\t\t\t<div class=\"elementor-element elementor-element-a9fda1c elementor-widget elementor-widget-text-editor\" data-id=\"a9fda1c\" data-element_type=\"widget\" data-e-type=\"widget\" data-widget_type=\"text-editor.default\">\n\t\t\t\t<div class=\"elementor-widget-container\">\n\t\t\t\t\t\t\t\t\t<div class=\"textwidget\"><h6><span style=\"color: #000000;\"><img decoding=\"async\" class=\"alignleft wp-image-1194\" src=\"https:\/\/samba-resille.org\/international-platform\/wp-content\/uploads\/2019\/06\/ces-_2-300x101.jpg\" alt=\"\" width=\"214\" height=\"72\" srcset=\"https:\/\/samba-resille.org\/international-platform\/wp-content\/uploads\/2019\/06\/ces-_2-300x101.jpg 300w, https:\/\/samba-resille.org\/international-platform\/wp-content\/uploads\/2019\/06\/ces-_2.jpg 388w\" sizes=\"(max-width: 214px) 100vw, 214px\" \/>Le Corps Europ\u00e9en de Solidarit\u00e9 (anciennement SVE, Service Volontaire Europ\u00e9en)<\/span> est le nouveau programme de l\u2019Union europ\u00e9enne qui vise \u00e0 promouvoir la solidarit\u00e9 en tant que valeur, principalement au moyen d\u2019activit\u00e9s de volontariat.<\/h6><p>Il a pour but d\u2019accro\u00eetre la participation des jeunes et des organisations \u00e0 des activit\u00e9s de solidarit\u00e9 accessibles et de qualit\u00e9 afin de renforcer la coh\u00e9sion, la solidarit\u00e9, la d\u00e9mocratie et la citoyennet\u00e9 en Europe, tout en r\u00e9pondant aux enjeux soci\u00e9taux et en consolidant les collectivit\u00e9s, avec une attention particuli\u00e8re port\u00e9e \u00e0 la promotion de l\u2019inclusion sociale. Il devrait \u00e9galement contribuer aux aspects de la coop\u00e9ration europ\u00e9enne qui pr\u00e9sentent un int\u00e9r\u00eat pour les jeunes. Avec un budget de 375,6 millions d\u2019euros pour la p\u00e9riode 2018-2020, ce programme offre aux jeunes l\u2019occasion de participer \u00e0 des activit\u00e9s de volontariat et \u00e0 des stages, d\u2019obtenir des emplois, et de mener leurs propres projets de solidarit\u00e9.<\/p><\/div>\t\t\t\t\t\t\t\t<\/div>\n\t\t\t\t<\/div>\n\t\t\t\t<div class=\"elementor-element elementor-element-784f51f elementor-button-info elementor-align-left elementor-widget elementor-widget-button\" data-id=\"784f51f\" data-element_type=\"widget\" data-e-type=\"widget\" data-widget_type=\"button.default\">\n\t\t\t\t<div class=\"elementor-widget-container\">\n\t\t\t\t\t\t\t\t\t<div class=\"elementor-button-wrapper\">\n\t\t\t\t\t<a class=\"elementor-button elementor-button-link elementor-size-xs\" href=\"https:\/\/www.corpseuropeensolidarite.fr\/\" target=\"_blank\">\n\t\t\t\t\t\t<span class=\"elementor-button-content-wrapper\">\n\t\t\t\t\t\t<span class=\"elementor-button-icon\">\n\t\t\t\t<i aria-hidden=\"true\" class=\"fas fa-external-link-alt\"><\/i>\t\t\t<\/span>\n\t\t\t\t\t\t\t\t\t<span class=\"elementor-button-text\">En savoir plus sur le Corps Europ\u00e9en de Solidarit\u00e9<\/span>\n\t\t\t\t\t<\/span>\n\t\t\t\t\t<\/a>\n\t\t\t\t<\/div>\n\t\t\t\t\t\t\t\t<\/div>\n\t\t\t\t<\/div>\n\t\t\t\t<div class=\"elementor-element elementor-element-c8ed4aa elementor-button-info elementor-align-left elementor-widget elementor-widget-button\" data-id=\"c8ed4aa\" data-element_type=\"widget\" data-e-type=\"widget\" data-widget_type=\"button.default\">\n\t\t\t\t<div class=\"elementor-widget-container\">\n\t\t\t\t\t\t\t\t\t<div class=\"elementor-button-wrapper\">\n\t\t\t\t\t<a class=\"elementor-button elementor-button-link elementor-size-xs\" href=\"https:\/\/samba-resille.org\/international-platform\/wp-content\/uploads\/2022\/04\/CES_depliant_12x18cm_web-2.pdf\" target=\"_blank\">\n\t\t\t\t\t\t<span class=\"elementor-button-content-wrapper\">\n\t\t\t\t\t\t<span class=\"elementor-button-icon\">\n\t\t\t\t<i aria-hidden=\"true\" class=\"fas fa-external-link-alt\"><\/i>\t\t\t<\/span>\n\t\t\t\t\t\t\t\t\t<span class=\"elementor-button-text\">D\u00e9pliant Corps Europ\u00e9en de Solidarit\u00e9<\/span>\n\t\t\t\t\t<\/span>\n\t\t\t\t\t<\/a>\n\t\t\t\t<\/div>\n\t\t\t\t\t\t\t\t<\/div>\n\t\t\t\t<\/div>\n\t\t\t\t\t<\/div>\n\t\t<\/div>\n\t\t\t\t\t<\/div>\n\t\t<\/section>\n\t\t\t\t<section class=\"elementor-section elementor-top-section elementor-element elementor-element-4df1587 elementor-section-boxed elementor-section-height-default elementor-section-height-default wpr-particle-no wpr-jarallax-no wpr-parallax-no wpr-sticky-section-no\" data-id=\"4df1587\" data-element_type=\"section\" data-e-type=\"section\">\n\t\t\t\t\t\t<div class=\"elementor-container elementor-column-gap-default\">\n\t\t\t\t\t<div class=\"elementor-column elementor-col-100 elementor-top-column elementor-element elementor-element-3fbc4d5\" data-id=\"3fbc4d5\" data-element_type=\"column\" data-e-type=\"column\">\n\t\t\t<div class=\"elementor-widget-wrap elementor-element-populated\">\n\t\t\t\t\t\t<div class=\"elementor-element elementor-element-35b01cf elementor-widget elementor-widget-image\" data-id=\"35b01cf\" data-element_type=\"widget\" data-e-type=\"widget\" data-widget_type=\"image.default\">\n\t\t\t\t<div class=\"elementor-widget-container\">\n\t\t\t\t\t\t\t\t\t\t\t\t\t\t\t<img fetchpriority=\"high\" decoding=\"async\" width=\"556\" height=\"811\" src=\"https:\/\/samba-resille.org\/international-platform\/wp-content\/uploads\/2022\/04\/CES-DEPLIANT.jpg\" class=\"attachment-large size-large wp-image-4339\" alt=\"\" srcset=\"https:\/\/samba-resille.org\/international-platform\/wp-content\/uploads\/2022\/04\/CES-DEPLIANT.jpg 556w, https:\/\/samba-resille.org\/international-platform\/wp-content\/uploads\/2022\/04\/CES-DEPLIANT-206x300.jpg 206w\" sizes=\"(max-width: 556px) 100vw, 556px\" \/>\t\t\t\t\t\t\t\t\t\t\t\t\t\t\t<\/div>\n\t\t\t\t<\/div>\n\t\t\t\t\t<\/div>\n\t\t<\/div>\n\t\t\t\t\t<\/div>\n\t\t<\/section>\n\t\t\t\t<\/div>\n\t\t","protected":false},"excerpt":{"rendered":"<p>Le Corps Europ\u00e9en de Solidarit\u00e9 (anciennement SVE, Service Volontaire Europ\u00e9en) est le nouveau programme de l\u2019Union europ\u00e9enne qui vise \u00e0 promouvoir la solidarit\u00e9 en tant que valeur, principalement au moyen d\u2019activit\u00e9s de volontariat. Il a pour but d\u2019accro\u00eetre la participation des jeunes et des organisations \u00e0 des activit\u00e9s de solidarit\u00e9 accessibles et de qualit\u00e9 afin de renforcer la coh\u00e9sion, la solidarit\u00e9, la d\u00e9mocratie et la citoyennet\u00e9 en Europe, tout en r\u00e9pondant aux enjeux soci\u00e9taux et en consolidant les collectivit\u00e9s, avec une attention particuli\u00e8re port\u00e9e \u00e0 la promotion de l\u2019inclusion sociale. Il devrait \u00e9galement contribuer aux aspects de la coop\u00e9ration europ\u00e9enne qui pr\u00e9sentent un int\u00e9r\u00eat pour les jeunes. Avec un budget de 375,6 millions d\u2019euros pour la p\u00e9riode 2018-2020, ce programme offre aux jeunes l\u2019occasion de participer \u00e0 des activit\u00e9s de volontariat et \u00e0 des stages, d\u2019obtenir des emplois, et de mener leurs propres projets de solidarit\u00e9. En savoir plus sur le Corps Europ\u00e9en de Solidarit\u00e9 D\u00e9pliant Corps Europ\u00e9en de Solidarit\u00e9<\/p>\n","protected":false},"author":2,"featured_media":0,"parent":0,"menu_order":0,"comment_status":"closed","ping_status":"closed","template":"","meta":{"footnotes":""},"categories":[67,28,43],"tags":[],"class_list":["post-349","page","type-page","status-publish","hentry","category-67","category-formation","category-projet-europeen"],"_links":{"self":[{"href":"https:\/\/samba-resille.org\/international-platform\/wp-json\/wp\/v2\/pages\/349","targetHints":{"allow":["GET"]}}],"collection":[{"href":"https:\/\/samba-resille.org\/international-platform\/wp-json\/wp\/v2\/pages"}],"about":[{"href":"https:\/\/samba-resille.org\/international-platform\/wp-json\/wp\/v2\/types\/page"}],"author":[{"embeddable":true,"href":"https:\/\/samba-resille.org\/international-platform\/wp-json\/wp\/v2\/users\/2"}],"replies":[{"embeddable":true,"href":"https:\/\/samba-resille.org\/international-platform\/wp-json\/wp\/v2\/comments?post=349"}],"version-history":[{"count":1,"href":"https:\/\/samba-resille.org\/international-platform\/wp-json\/wp\/v2\/pages\/349\/revisions"}],"predecessor-version":[{"id":7876,"href":"https:\/\/samba-resille.org\/international-platform\/wp-json\/wp\/v2\/pages\/349\/revisions\/7876"}],"wp:attachment":[{"href":"https:\/\/samba-resille.org\/international-platform\/wp-json\/wp\/v2\/media?parent=349"}],"wp:term":[{"taxonomy":"category","embeddable":true,"href":"https:\/\/samba-resille.org\/international-platform\/wp-json\/wp\/v2\/categories?post=349"},{"taxonomy":"post_tag","embeddable":true,"href":"https:\/\/samba-resille.org\/international-platform\/wp-json\/wp\/v2\/tags?post=349"}],"curies":[{"name":"wp","href":"https:\/\/api.w.org\/{rel}","templated":true}]}}