{"id":382,"date":"2018-08-16T08:52:07","date_gmt":"2018-08-16T08:52:07","guid":{"rendered":"https:\/\/samba-resille.org\/international-platform\/?page_id=382"},"modified":"2019-10-15T13:10:06","modified_gmt":"2019-10-15T13:10:06","slug":"a-propos-du-samba-resille-international-portal","status":"publish","type":"page","link":"https:\/\/samba-resille.org\/international-platform\/a-propos-du-samba-resille-international-portal\/","title":{"rendered":"\u00c0 propos"},"content":{"rendered":"\t\t<div data-elementor-type=\"wp-post\" data-elementor-id=\"382\" class=\"elementor elementor-382\" wpc-filter-elementor-widget=\"1\" data-elementor-post-type=\"page\">\n\t\t\t\t\t\t<section class=\"elementor-section elementor-top-section elementor-element elementor-element-2c09e0cb elementor-section-boxed elementor-section-height-default elementor-section-height-default wpr-particle-no wpr-jarallax-no wpr-parallax-no wpr-sticky-section-no\" data-id=\"2c09e0cb\" data-element_type=\"section\" data-e-type=\"section\">\n\t\t\t\t\t\t<div class=\"elementor-container elementor-column-gap-default\">\n\t\t\t\t\t<div class=\"elementor-column elementor-col-100 elementor-top-column elementor-element elementor-element-4015f53c\" data-id=\"4015f53c\" data-element_type=\"column\" data-e-type=\"column\">\n\t\t\t<div class=\"elementor-widget-wrap elementor-element-populated\">\n\t\t\t\t\t\t<div class=\"elementor-element elementor-element-ec50767 elementor-widget elementor-widget-text-editor\" data-id=\"ec50767\" data-element_type=\"widget\" data-e-type=\"widget\" data-widget_type=\"text-editor.default\">\n\t\t\t\t<div class=\"elementor-widget-container\">\n\t\t\t\t\t\t\t\t\t<h4 style=\"text-align: left;\"><em>\u00ab LA RICHESSE CULTURELLE DU MONDE,<\/em><br \/><em>C\u2019EST SA DIVERSIT\u00c9 EN DIALOGUE. \u00bb<\/em><\/h4><h6 style=\"text-align: left;\">Ko\u00efchiro Matsuura,<br \/>Pr\u00e9face de la d\u00e9claration universelle de l\u2019UNESCO sur la diversit\u00e9 culturelle.<\/h6><p>Samba R\u00e9sille, n\u00e9e en 1992 \u00e0 Toulouse, est une association culturelle toulousaine d\u2019\u00e9ducation populaire qui m\u00e8ne une strat\u00e9gie de d\u00e9veloppement europ\u00e9en et international au travers de coop\u00e9rations cr\u00e9atives et manag\u00e9riales, en s\u2019appuyant sur la richesse culturelle du monde pour mettre en dialogue sa diversit\u00e9 culturelle.<br \/><br \/>Visant \u00e0 l\u2019horizon 2020 \u00e0 devenir un Centre d\u2019Initiatives Culturelles et Citoyennes Europ\u00e9en (CICCE), Samba R\u00e9sille partage l\u2019analyse de l\u2019Union Europ\u00e9enne qui consid\u00e8re le secteur culturel comme un outil essentiel et strat\u00e9gique pour construire de nouvelles r\u00e9ponses \u00e0 la mont\u00e9e des extr\u00e9mismes et du repli sur soi en s\u2019appuyant sur la cr\u00e9ativit\u00e9 et l\u2019innovation sociale pour stimuler le dialogue interculturel.<br \/><br \/>C\u2019est pourquoi Samba R\u00e9sille met en \u0153uvre depuis 2013 un programme de rencontres professionnelles, de r\u00e9sidences artistiques et de diffusion culturelle, soutenu par la Commission Europ\u00e9enne, qui associe des jeunes et des adultes, valides ou en situation de handicap sensoriel et\/ou mental, dans le but de s\u2019enrichir les uns les autres, personnellement et\/ou professionnellement et de capitaliser des ressources exp\u00e9rientielles, qui lui permette de concr\u00e9tiser son objectif de devenir un CICCE en 2020 au travers de coop\u00e9rations qui consolident le d\u00e9veloppement des comp\u00e9tences de ses ressources humaines, salari\u00e9es et b\u00e9n\u00e9voles et accroissent ses capacit\u00e9s inclusives des personnes les plus vuln\u00e9rables.<\/p>\t\t\t\t\t\t\t\t<\/div>\n\t\t\t\t<\/div>\n\t\t\t\t<div class=\"elementor-element elementor-element-671f6af elementor-widget elementor-widget-text-editor\" data-id=\"671f6af\" data-element_type=\"widget\" data-e-type=\"widget\" data-widget_type=\"text-editor.default\">\n\t\t\t\t<div class=\"elementor-widget-container\">\n\t\t\t\t\t\t\t\t\t<p>2013 &gt; <strong>Dublin<\/strong> (programme Grundtvig &#8211; mobilit\u00e9 de l\u2019\u00e9ducation des adultes)<br \/>2014 &gt; <strong>Barcelone<\/strong> (mobilit\u00e9 de l\u2019\u00e9ducation des adultes)<br \/>2015 &gt; <strong>Toulouse<\/strong> (\u00e9changes de jeunes)<br \/>2015 &gt; <strong>Toulouse<\/strong> (formations sur les financements europ\u00e9ens)<br \/>2016 &gt; <strong>Liverpool<\/strong> (\u00e9changes de jeunes)<br \/>2016 &gt; <strong>Toulouse<\/strong> (\u00e9changes de jeunes)<br \/>2016 &gt; <strong>Liverpool<\/strong> (mobilit\u00e9 de l\u2019\u00e9ducation des adultes)<br \/>2016 &gt; <strong>Toulouse<\/strong> (formations sur les financements europ\u00e9ens)<br \/>2017 &gt; <strong>Liverpool<\/strong> (mobilit\u00e9 de l\u2019\u00e9ducation des adultes)<br \/>2017 &gt; <strong>Glasgow<\/strong> (\u00e9changes de jeunes)<br \/>2017 &gt; <strong>Rotterdam<\/strong> (mobilit\u00e9 de l\u2019\u00e9ducation des adultes)<br \/>2017 &gt; <strong>Bruxelles<\/strong> (Service Volontaire Europ\u00e9en)<br \/>2017 &gt; <strong>Toulouse<\/strong> (formations sur les financements europ\u00e9ens)<br \/>2018 &gt; <strong>Lisbonne<\/strong> (mobilit\u00e9 de l\u2019\u00e9ducation des adultes)<br \/>2018 &gt; <strong>Cape Town<\/strong> (partenariats strat\u00e9giques)<br \/>2018 &gt; <strong>Lusaka<\/strong> (\u00e9changes de jeunes)<br \/>2018 &gt; <strong>Cape Town <\/strong>(\u00e9changes de jeunes)<br \/>2018 &gt; <strong>Turin<\/strong> (partenariats strat\u00e9giques)<br \/>2018 &gt; <strong>Toulouse<\/strong> (formations sur les financements europ\u00e9ens)<br \/>2019 &gt; <strong>Budapest<\/strong> (partenariats strat\u00e9giques)<br \/>2019 &gt; <strong>Turin<\/strong> (\u00e9changes de jeunes)<br \/>2019 &gt; <strong>Toulouse<\/strong> (partenariats strat\u00e9giques)<br \/>2019\/2020 &gt; <strong>Su\u00e8de<\/strong> \/ <strong>Finlande<\/strong> <b>\/ France<\/b> (mobilit\u00e9 de l\u2019\u00e9ducation des adultes)<br \/>2019\/2020 &gt; <strong>B\u00e9nin<\/strong> \/ <strong>Br\u00e9sil<\/strong> \/ <strong>Guyane<\/strong> <b>\/ France <\/b>(renforcement des capacit\u00e9s dans le domaine de la jeunesse)<br \/>2019 \/ 2021 &gt; <strong>Allemagne \/ Su\u00e8de<\/strong> <b>\/ France <\/b>(mobilit\u00e9 de l\u2019\u00e9ducation des adultes)<\/p>\t\t\t\t\t\t\t\t<\/div>\n\t\t\t\t<\/div>\n\t\t\t\t\t<\/div>\n\t\t<\/div>\n\t\t\t\t\t<\/div>\n\t\t<\/section>\n\t\t\t\t<section class=\"elementor-section elementor-top-section elementor-element elementor-element-0d49547 elementor-section-boxed elementor-section-height-default elementor-section-height-default wpr-particle-no wpr-jarallax-no wpr-parallax-no wpr-sticky-section-no\" data-id=\"0d49547\" data-element_type=\"section\" data-e-type=\"section\">\n\t\t\t\t\t\t<div class=\"elementor-container elementor-column-gap-default\">\n\t\t\t\t\t<div class=\"elementor-column elementor-col-100 elementor-top-column elementor-element elementor-element-32e8e70\" data-id=\"32e8e70\" data-element_type=\"column\" data-e-type=\"column\">\n\t\t\t<div class=\"elementor-widget-wrap elementor-element-populated\">\n\t\t\t\t\t\t<div class=\"elementor-element elementor-element-6270ff0 elementor-widget elementor-widget-image\" data-id=\"6270ff0\" data-element_type=\"widget\" data-e-type=\"widget\" data-widget_type=\"image.default\">\n\t\t\t\t<div class=\"elementor-widget-container\">\n\t\t\t\t\t\t\t\t\t\t\t\t\t\t\t\t<a href=\"https:\/\/samba-resille.org\/international-platform\/wp-content\/uploads\/2019\/07\/carte-du-monde-SR-juillet-2019.jpg\" data-elementor-open-lightbox=\"yes\" data-elementor-lightbox-title=\"carte-du-monde-SR juillet 2019\" data-e-action-hash=\"#elementor-action%3Aaction%3Dlightbox%26settings%3DeyJpZCI6MTQ2MywidXJsIjoiaHR0cHM6XC9cL3NhbWJhLXJlc2lsbGUub3JnXC9pbnRlcm5hdGlvbmFsLXBsYXRmb3JtXC93cC1jb250ZW50XC91cGxvYWRzXC8yMDE5XC8wN1wvY2FydGUtZHUtbW9uZGUtU1ItanVpbGxldC0yMDE5LmpwZyJ9\">\n\t\t\t\t\t\t\t<img fetchpriority=\"high\" decoding=\"async\" width=\"800\" height=\"528\" src=\"https:\/\/samba-resille.org\/international-platform\/wp-content\/uploads\/2019\/07\/carte-du-monde-SR-juillet-2019-1024x676.jpg\" class=\"attachment-large size-large wp-image-1463\" alt=\"\" srcset=\"https:\/\/samba-resille.org\/international-platform\/wp-content\/uploads\/2019\/07\/carte-du-monde-SR-juillet-2019-1024x676.jpg 1024w, https:\/\/samba-resille.org\/international-platform\/wp-content\/uploads\/2019\/07\/carte-du-monde-SR-juillet-2019-300x198.jpg 300w, https:\/\/samba-resille.org\/international-platform\/wp-content\/uploads\/2019\/07\/carte-du-monde-SR-juillet-2019-768x507.jpg 768w\" sizes=\"(max-width: 800px) 100vw, 800px\" \/>\t\t\t\t\t\t\t\t<\/a>\n\t\t\t\t\t\t\t\t\t\t\t\t\t\t\t<\/div>\n\t\t\t\t<\/div>\n\t\t\t\t\t<\/div>\n\t\t<\/div>\n\t\t\t\t\t<\/div>\n\t\t<\/section>\n\t\t\t\t<section class=\"elementor-section elementor-top-section elementor-element elementor-element-15d3715 elementor-section-boxed elementor-section-height-default elementor-section-height-default wpr-particle-no wpr-jarallax-no wpr-parallax-no wpr-sticky-section-no\" data-id=\"15d3715\" data-element_type=\"section\" data-e-type=\"section\">\n\t\t\t\t\t\t<div class=\"elementor-container elementor-column-gap-default\">\n\t\t\t\t\t<div class=\"elementor-column elementor-col-100 elementor-top-column elementor-element elementor-element-deb124d\" data-id=\"deb124d\" data-element_type=\"column\" data-e-type=\"column\">\n\t\t\t<div class=\"elementor-widget-wrap elementor-element-populated\">\n\t\t\t\t\t\t<div class=\"elementor-element elementor-element-dfabd19 elementor-button-info elementor-widget elementor-widget-button\" data-id=\"dfabd19\" data-element_type=\"widget\" data-e-type=\"widget\" data-widget_type=\"button.default\">\n\t\t\t\t<div class=\"elementor-widget-container\">\n\t\t\t\t\t\t\t\t\t<div class=\"elementor-button-wrapper\">\n\t\t\t\t\t<a class=\"elementor-button elementor-button-link elementor-size-xs\" href=\"http:\/\/samba-resille.org\/site\/\" target=\"_blank\">\n\t\t\t\t\t\t<span class=\"elementor-button-content-wrapper\">\n\t\t\t\t\t\t<span class=\"elementor-button-icon\">\n\t\t\t\t<i aria-hidden=\"true\" class=\"fas fa-external-link-alt\"><\/i>\t\t\t<\/span>\n\t\t\t\t\t\t\t\t\t<span class=\"elementor-button-text\">Site web de Samba R\u00e9sille<\/span>\n\t\t\t\t\t<\/span>\n\t\t\t\t\t<\/a>\n\t\t\t\t<\/div>\n\t\t\t\t\t\t\t\t<\/div>\n\t\t\t\t<\/div>\n\t\t\t\t\t<\/div>\n\t\t<\/div>\n\t\t\t\t\t<\/div>\n\t\t<\/section>\n\t\t\t\t<section class=\"elementor-section elementor-top-section elementor-element elementor-element-2ee8e89 elementor-section-boxed elementor-section-height-default elementor-section-height-default wpr-particle-no wpr-jarallax-no wpr-parallax-no wpr-sticky-section-no\" data-id=\"2ee8e89\" data-element_type=\"section\" data-e-type=\"section\">\n\t\t\t\t\t\t<div class=\"elementor-container elementor-column-gap-default\">\n\t\t\t\t\t<div class=\"elementor-column elementor-col-100 elementor-top-column elementor-element elementor-element-69e98d2\" data-id=\"69e98d2\" data-element_type=\"column\" data-e-type=\"column\">\n\t\t\t<div class=\"elementor-widget-wrap elementor-element-populated\">\n\t\t\t\t\t\t<div class=\"elementor-element elementor-element-3ec616d e-grid-align-left elementor-shape-rounded elementor-grid-0 elementor-widget elementor-widget-social-icons\" data-id=\"3ec616d\" data-element_type=\"widget\" data-e-type=\"widget\" data-widget_type=\"social-icons.default\">\n\t\t\t\t<div class=\"elementor-widget-container\">\n\t\t\t\t\t\t\t<div class=\"elementor-social-icons-wrapper elementor-grid\" role=\"list\">\n\t\t\t\t\t\t\t<span class=\"elementor-grid-item\" role=\"listitem\">\n\t\t\t\t\t<a class=\"elementor-icon elementor-social-icon elementor-social-icon-facebook elementor-repeater-item-7ffccc3\" href=\"https:\/\/www.facebook.com\/sambaresille\/\" target=\"_blank\">\n\t\t\t\t\t\t<span class=\"elementor-screen-only\">Facebook<\/span>\n\t\t\t\t\t\t\t\t\t\t\t\t\t<i class=\"fa fa-facebook\" aria-hidden=\"true\"><\/i>\n\t\t\t\t\t\t\t\t\t\t\t<\/a>\n\t\t\t\t<\/span>\n\t\t\t\t\t\t\t<span class=\"elementor-grid-item\" role=\"listitem\">\n\t\t\t\t\t<a class=\"elementor-icon elementor-social-icon elementor-social-icon-twitter elementor-repeater-item-d1ca85e\" href=\"https:\/\/twitter.com\/SambaResille?ref_src=twsrc%5Egoogle%7Ctwcamp%5Eserp%7Ctwgr%5Eauthor\" target=\"_blank\">\n\t\t\t\t\t\t<span class=\"elementor-screen-only\">Twitter<\/span>\n\t\t\t\t\t\t\t\t\t\t\t\t\t<i class=\"fa fa-twitter\" aria-hidden=\"true\"><\/i>\n\t\t\t\t\t\t\t\t\t\t\t<\/a>\n\t\t\t\t<\/span>\n\t\t\t\t\t\t\t<span class=\"elementor-grid-item\" role=\"listitem\">\n\t\t\t\t\t<a class=\"elementor-icon elementor-social-icon elementor-social-icon-instagram elementor-repeater-item-9981b76\" href=\"https:\/\/www.instagram.com\/sambaresille\/?hl=fr\" target=\"_blank\">\n\t\t\t\t\t\t<span class=\"elementor-screen-only\">Instagram<\/span>\n\t\t\t\t\t\t\t\t\t\t\t\t\t<i class=\"fa fa-instagram\" aria-hidden=\"true\"><\/i>\n\t\t\t\t\t\t\t\t\t\t\t<\/a>\n\t\t\t\t<\/span>\n\t\t\t\t\t<\/div>\n\t\t\t\t\t\t<\/div>\n\t\t\t\t<\/div>\n\t\t\t\t\t<\/div>\n\t\t<\/div>\n\t\t\t\t\t<\/div>\n\t\t<\/section>\n\t\t\t\t<\/div>\n\t\t","protected":false},"excerpt":{"rendered":"<p>\u00ab LA RICHESSE CULTURELLE DU MONDE,C\u2019EST SA DIVERSIT\u00c9 EN DIALOGUE. \u00bb Ko\u00efchiro Matsuura,Pr\u00e9face de la d\u00e9claration universelle de l\u2019UNESCO sur la diversit\u00e9 culturelle. Samba R\u00e9sille, n\u00e9e en 1992 \u00e0 Toulouse, est une association culturelle toulousaine d\u2019\u00e9ducation populaire qui m\u00e8ne une strat\u00e9gie de d\u00e9veloppement europ\u00e9en et international au travers de coop\u00e9rations cr\u00e9atives et manag\u00e9riales, en s\u2019appuyant sur la richesse culturelle du monde pour mettre en dialogue sa diversit\u00e9 culturelle. Visant \u00e0 l\u2019horizon 2020 \u00e0 devenir un Centre d\u2019Initiatives Culturelles et Citoyennes Europ\u00e9en (CICCE), Samba R\u00e9sille partage l\u2019analyse de l\u2019Union Europ\u00e9enne qui consid\u00e8re le secteur culturel comme un outil essentiel et strat\u00e9gique pour construire de nouvelles r\u00e9ponses \u00e0 la mont\u00e9e des extr\u00e9mismes et du repli sur soi en s\u2019appuyant sur la cr\u00e9ativit\u00e9 et l\u2019innovation sociale pour stimuler le dialogue interculturel. C\u2019est pourquoi Samba R\u00e9sille met en \u0153uvre depuis 2013 un programme de rencontres professionnelles, de r\u00e9sidences artistiques et de diffusion culturelle, soutenu par la Commission Europ\u00e9enne, qui associe des jeunes et des adultes, valides ou en situation de handicap sensoriel et\/ou mental, dans le but de s\u2019enrichir les uns les autres, personnellement et\/ou professionnellement et de capitaliser des ressources exp\u00e9rientielles, qui lui permette de concr\u00e9tiser son objectif de devenir un CICCE en 2020 au travers de coop\u00e9rations qui consolident le d\u00e9veloppement des comp\u00e9tences de ses ressources humaines, salari\u00e9es et b\u00e9n\u00e9voles et accroissent ses capacit\u00e9s inclusives des personnes les plus vuln\u00e9rables. 2013 &gt; Dublin (programme Grundtvig &#8211; mobilit\u00e9 de l\u2019\u00e9ducation des adultes)2014 &gt; Barcelone (mobilit\u00e9 de l\u2019\u00e9ducation des adultes)2015 &gt; Toulouse (\u00e9changes de jeunes)2015 &gt; Toulouse (formations sur les financements europ\u00e9ens)2016 &gt; Liverpool (\u00e9changes de jeunes)2016 &gt; Toulouse (\u00e9changes de jeunes)2016 &gt; Liverpool (mobilit\u00e9 de l\u2019\u00e9ducation des adultes)2016 &gt; Toulouse (formations sur les financements europ\u00e9ens)2017 &gt; Liverpool (mobilit\u00e9 de l\u2019\u00e9ducation des adultes)2017 &gt; Glasgow (\u00e9changes de jeunes)2017 &gt; Rotterdam (mobilit\u00e9 de l\u2019\u00e9ducation des adultes)2017 &gt; Bruxelles (Service Volontaire Europ\u00e9en)2017 &gt; Toulouse (formations sur les financements europ\u00e9ens)2018 &gt; Lisbonne (mobilit\u00e9 de l\u2019\u00e9ducation des adultes)2018 &gt; Cape Town (partenariats strat\u00e9giques)2018 &gt; Lusaka (\u00e9changes de jeunes)2018 &gt; Cape Town (\u00e9changes de jeunes)2018 &gt; Turin (partenariats strat\u00e9giques)2018 &gt; Toulouse (formations sur les financements europ\u00e9ens)2019 &gt; Budapest (partenariats strat\u00e9giques)2019 &gt; Turin (\u00e9changes de jeunes)2019 &gt; Toulouse (partenariats strat\u00e9giques)2019\/2020 &gt; Su\u00e8de \/ Finlande \/ France (mobilit\u00e9 de l\u2019\u00e9ducation des adultes)2019\/2020 &gt; B\u00e9nin \/ Br\u00e9sil \/ Guyane \/ France (renforcement des capacit\u00e9s dans le domaine de la jeunesse)2019 \/ 2021 &gt; Allemagne \/ Su\u00e8de \/ France (mobilit\u00e9 de l\u2019\u00e9ducation des adultes) Site web de Samba R\u00e9sille Facebook Twitter Instagram<\/p>\n","protected":false},"author":2,"featured_media":0,"parent":0,"menu_order":0,"comment_status":"closed","ping_status":"closed","template":"","meta":{"footnotes":""},"categories":[],"tags":[],"class_list":["post-382","page","type-page","status-publish","hentry"],"_links":{"self":[{"href":"https:\/\/samba-resille.org\/international-platform\/wp-json\/wp\/v2\/pages\/382","targetHints":{"allow":["GET"]}}],"collection":[{"href":"https:\/\/samba-resille.org\/international-platform\/wp-json\/wp\/v2\/pages"}],"about":[{"href":"https:\/\/samba-resille.org\/international-platform\/wp-json\/wp\/v2\/types\/page"}],"author":[{"embeddable":true,"href":"https:\/\/samba-resille.org\/international-platform\/wp-json\/wp\/v2\/users\/2"}],"replies":[{"embeddable":true,"href":"https:\/\/samba-resille.org\/international-platform\/wp-json\/wp\/v2\/comments?post=382"}],"version-history":[{"count":0,"href":"https:\/\/samba-resille.org\/international-platform\/wp-json\/wp\/v2\/pages\/382\/revisions"}],"wp:attachment":[{"href":"https:\/\/samba-resille.org\/international-platform\/wp-json\/wp\/v2\/media?parent=382"}],"wp:term":[{"taxonomy":"category","embeddable":true,"href":"https:\/\/samba-resille.org\/international-platform\/wp-json\/wp\/v2\/categories?post=382"},{"taxonomy":"post_tag","embeddable":true,"href":"https:\/\/samba-resille.org\/international-platform\/wp-json\/wp\/v2\/tags?post=382"}],"curies":[{"name":"wp","href":"https:\/\/api.w.org\/{rel}","templated":true}]}}