{"id":3952,"date":"2022-10-06T12:38:23","date_gmt":"2022-10-06T10:38:23","guid":{"rendered":"https:\/\/samba-resille.org\/site2\/?page_id=3952"},"modified":"2025-07-30T13:07:25","modified_gmt":"2025-07-30T11:07:25","slug":"jeune-public","status":"publish","type":"page","link":"https:\/\/samba-resille.org\/site\/en\/jeune-public\/","title":{"rendered":"Youth"},"content":{"rendered":"\t\t<div data-elementor-type=\"wp-page\" data-elementor-id=\"3952\" class=\"elementor elementor-3952\" wpc-filter-elementor-widget=\"1\" data-elementor-post-type=\"page\">\n\t\t\t\t\t\t<section class=\"elementor-section elementor-top-section elementor-element elementor-element-3f44c58 elementor-section-boxed elementor-section-height-default elementor-section-height-default\" data-id=\"3f44c58\" data-element_type=\"section\" data-e-type=\"section\">\n\t\t\t\t\t\t<div class=\"elementor-container elementor-column-gap-default\">\n\t\t\t\t\t<div class=\"elementor-column elementor-col-100 elementor-top-column elementor-element elementor-element-cf91e6f\" data-id=\"cf91e6f\" data-element_type=\"column\" data-e-type=\"column\">\n\t\t\t<div class=\"elementor-widget-wrap elementor-element-populated\">\n\t\t\t\t\t\t<div class=\"elementor-element elementor-element-321b1b4 elementor-widget elementor-widget-spacer\" data-id=\"321b1b4\" data-element_type=\"widget\" data-e-type=\"widget\" data-widget_type=\"spacer.default\">\n\t\t\t\t<div class=\"elementor-widget-container\">\n\t\t\t\t\t\t\t<div class=\"elementor-spacer\">\n\t\t\t<div class=\"elementor-spacer-inner\"><\/div>\n\t\t<\/div>\n\t\t\t\t\t\t<\/div>\n\t\t\t\t<\/div>\n\t\t\t\t<div class=\"elementor-element elementor-element-a0439e7 elementor-widget elementor-widget-heading\" data-id=\"a0439e7\" data-element_type=\"widget\" data-e-type=\"widget\" data-widget_type=\"heading.default\">\n\t\t\t\t<div class=\"elementor-widget-container\">\n\t\t\t\t\t<h6 class=\"elementor-heading-title elementor-size-default\">Ateliers Jeune public<\/h6>\t\t\t\t<\/div>\n\t\t\t\t<\/div>\n\t\t\t\t\t<\/div>\n\t\t<\/div>\n\t\t\t\t\t<\/div>\n\t\t<\/section>\n\t\t\t\t<section class=\"elementor-section elementor-top-section elementor-element elementor-element-56e2932 elementor-section-boxed elementor-section-height-default elementor-section-height-default\" data-id=\"56e2932\" data-element_type=\"section\" data-e-type=\"section\">\n\t\t\t\t\t\t<div class=\"elementor-container elementor-column-gap-default\">\n\t\t\t\t\t<div class=\"elementor-column elementor-col-33 elementor-top-column elementor-element elementor-element-47e1696\" data-id=\"47e1696\" data-element_type=\"column\" data-e-type=\"column\">\n\t\t\t<div class=\"elementor-widget-wrap elementor-element-populated\">\n\t\t\t\t\t\t<div class=\"elementor-element elementor-element-4f32590 elementor-widget elementor-widget-text-editor\" data-id=\"4f32590\" data-element_type=\"widget\" data-e-type=\"widget\" data-widget_type=\"text-editor.default\">\n\t\t\t\t<div class=\"elementor-widget-container\">\n\t\t\t\t\t\t\t\t\t<div><strong>De<\/strong><b>puis plus de 30 ans, l&rsquo;\u00e9cole de Samba de Samba R\u00e9sille se d\u00e9cline aussi pour les plus jeunes ! <br \/><\/b><\/div><div>Nous proposons des ateliers pour tous les \u00e2ges :<\/div><ul><li>de la batucada pour les primaires, faire un collectif de percussions comme les grands qui anime le quartier et les \u00e9v\u00e9nements de la ville,<\/li><li>pour les jeunes adolescents, un groupe confirm\u00e9 qui a vocation \u00e0 se produire r\u00e9guli\u00e8rement en public, \u00e0 rencontrer les collectifs adultes et se diffuser partout.<\/li><\/ul>\t\t\t\t\t\t\t\t<\/div>\n\t\t\t\t<\/div>\n\t\t\t\t\t<\/div>\n\t\t<\/div>\n\t\t\t\t<div class=\"elementor-column elementor-col-33 elementor-top-column elementor-element elementor-element-5434b76\" data-id=\"5434b76\" data-element_type=\"column\" data-e-type=\"column\">\n\t\t\t<div class=\"elementor-widget-wrap elementor-element-populated\">\n\t\t\t\t\t\t<div class=\"elementor-element elementor-element-67424e6 elementor-widget elementor-widget-text-editor\" data-id=\"67424e6\" data-element_type=\"widget\" data-e-type=\"widget\" data-widget_type=\"text-editor.default\">\n\t\t\t\t<div class=\"elementor-widget-container\">\n\t\t\t\t\t\t\t\t\t<p>ATELIERS<strong> HEBDOMADAIRES JEUNE PUBLIC<br \/>2025\/2026<\/strong><\/p><p><strong>\u2013 Batuc Enfants (avec Gr\u00e9gory) :<br \/><\/strong> Mercredi de 16h \u00e0 17h<br \/>8-12 ans. 75 euros par trimestre &#8211; 60 euros tarif r\u00e9duits (parents\u00a0\u00a0\u00c9tudiant\u00b7e \/ Sans emploi \/ Retrait\u00e9\u00b7e \/ Ayant des\u00a0revenus inf\u00e9rieurs au SMIC)<br \/><span style=\"color: #993366;\"><b>Inscriptions ICI <a style=\"color: #993366;\" href=\"https:\/\/form.jotform.com\/251914656397368\" target=\"_blank\" rel=\"noopener\">&gt;&gt;&gt;<\/a><\/b><b>\u00a0<\/b><\/span><\/p><p><strong>\u2013 Batuc Jeunes (avec Gr\u00e9gory) :<\/strong><strong><br \/><\/strong> Mercredi de 17h \u00e0 18h<br \/>13-18 ans. 75 euros par trimestre &#8211; 60 euros tarif r\u00e9duits (parents\u00a0\u00a0\u00c9tudiant\u00b7e \/ Sans emploi \/ Retrait\u00e9\u00b7e \/ Ayant des\u00a0revenus inf\u00e9rieurs au SMIC)<br \/><span style=\"color: #993366;\"><b>Inscriptions ICI <a style=\"color: #993366;\" href=\"https:\/\/form.jotform.com\/251914656397368\" target=\"_blank\" rel=\"noopener\">&gt;&gt;&gt;<\/a><\/b><b>\u00a0<\/b><\/span><\/p>\t\t\t\t\t\t\t\t<\/div>\n\t\t\t\t<\/div>\n\t\t\t\t\t<\/div>\n\t\t<\/div>\n\t\t\t\t<div class=\"elementor-column elementor-col-33 elementor-top-column elementor-element elementor-element-6beb728\" data-id=\"6beb728\" data-element_type=\"column\" data-e-type=\"column\">\n\t\t\t<div class=\"elementor-widget-wrap elementor-element-populated\">\n\t\t\t\t\t\t<div class=\"elementor-element elementor-element-f43fc3e elementor-widget__width-initial elementor-widget elementor-widget-text-editor\" data-id=\"f43fc3e\" data-element_type=\"widget\" data-e-type=\"widget\" data-widget_type=\"text-editor.default\">\n\t\t\t\t<div class=\"elementor-widget-container\">\n\t\t\t\t\t\t\t\t\t<p><strong>Adh\u00e9sion annuelle <\/strong><strong><em>(obligatoire)<\/em><\/strong> : <strong>10 \u20ac\u00a0\u00a0\u00a0\u00a0\u00a0\u00a0\u00a0\u00a0\u00a0\u00a0\u00a0\u00a0\u00a0\u00a0\u00a0 <\/strong>(septembre 2025 \u00e0 septembre 202<em>6)<\/em><\/p><p><strong>Comment s\u2019inscrire ?<br \/><\/strong><span style=\"color: #993366;\"><em>\u2013<\/em><b> Inscriptions ATELIERS JEUNE PUBLIC pour la saison 2025-2026 <a style=\"color: #993366;\" href=\"https:\/\/form.jotform.com\/251914656397368\" target=\"_blank\" rel=\"noopener\">&gt;&gt;&gt;<\/a><\/b><b>\u00a0<\/b><\/span><\/p><p><strong>Quand commencent les cours ?<br \/><\/strong><strong>Ateliers enfants\/jeunes <\/strong>: \u00a022 SEPTEMBRE 2025<\/p>\t\t\t\t\t\t\t\t<\/div>\n\t\t\t\t<\/div>\n\t\t\t\t\t<\/div>\n\t\t<\/div>\n\t\t\t\t\t<\/div>\n\t\t<\/section>\n\t\t\t\t<section class=\"elementor-section elementor-top-section elementor-element elementor-element-c264afc elementor-section-boxed elementor-section-height-default elementor-section-height-default\" data-id=\"c264afc\" data-element_type=\"section\" data-e-type=\"section\">\n\t\t\t\t\t\t<div class=\"elementor-container elementor-column-gap-default\">\n\t\t\t\t\t<div class=\"elementor-column elementor-col-50 elementor-top-column elementor-element elementor-element-e915f45\" data-id=\"e915f45\" data-element_type=\"column\" data-e-type=\"column\">\n\t\t\t<div class=\"elementor-widget-wrap elementor-element-populated\">\n\t\t\t\t\t\t<div class=\"elementor-element elementor-element-dd2220f elementor-widget elementor-widget-image\" data-id=\"dd2220f\" data-element_type=\"widget\" data-e-type=\"widget\" data-widget_type=\"image.default\">\n\t\t\t\t<div class=\"elementor-widget-container\">\n\t\t\t\t\t\t\t\t\t\t\t\t\t\t\t<img fetchpriority=\"high\" decoding=\"async\" width=\"724\" height=\"1024\" src=\"https:\/\/samba-resille.org\/site\/wp-content\/uploads\/2023\/08\/Planche-A3-Rentree-2023-20242-724x1024.png\" class=\"attachment-large size-large wp-image-9785\" alt=\"\" srcset=\"https:\/\/samba-resille.org\/site\/wp-content\/uploads\/2023\/08\/Planche-A3-Rentree-2023-20242-724x1024.png 724w, https:\/\/samba-resille.org\/site\/wp-content\/uploads\/2023\/08\/Planche-A3-Rentree-2023-20242-212x300.png 212w, https:\/\/samba-resille.org\/site\/wp-content\/uploads\/2023\/08\/Planche-A3-Rentree-2023-20242-768x1086.png 768w, https:\/\/samba-resille.org\/site\/wp-content\/uploads\/2023\/08\/Planche-A3-Rentree-2023-20242-8x12.png 8w, https:\/\/samba-resille.org\/site\/wp-content\/uploads\/2023\/08\/Planche-A3-Rentree-2023-20242-34x48.png 34w, https:\/\/samba-resille.org\/site\/wp-content\/uploads\/2023\/08\/Planche-A3-Rentree-2023-20242.png 842w\" sizes=\"(max-width: 724px) 100vw, 724px\" \/>\t\t\t\t\t\t\t\t\t\t\t\t\t\t\t<\/div>\n\t\t\t\t<\/div>\n\t\t\t\t\t<\/div>\n\t\t<\/div>\n\t\t\t\t<div class=\"elementor-column elementor-col-50 elementor-top-column elementor-element elementor-element-4724727\" data-id=\"4724727\" data-element_type=\"column\" data-e-type=\"column\">\n\t\t\t<div class=\"elementor-widget-wrap elementor-element-populated\">\n\t\t\t\t\t\t<div class=\"elementor-element elementor-element-16f9730 elementor-widget elementor-widget-image\" data-id=\"16f9730\" data-element_type=\"widget\" data-e-type=\"widget\" data-widget_type=\"image.default\">\n\t\t\t\t<div class=\"elementor-widget-container\">\n\t\t\t\t\t\t\t\t\t\t\t\t\t\t\t<img decoding=\"async\" width=\"768\" height=\"1086\" src=\"https:\/\/samba-resille.org\/site\/wp-content\/uploads\/2023\/08\/Planche-A3-Rentree-2023-20243-768x1086.png\" class=\"attachment-medium_large size-medium_large wp-image-9786\" alt=\"\" srcset=\"https:\/\/samba-resille.org\/site\/wp-content\/uploads\/2023\/08\/Planche-A3-Rentree-2023-20243-768x1086.png 768w, https:\/\/samba-resille.org\/site\/wp-content\/uploads\/2023\/08\/Planche-A3-Rentree-2023-20243-212x300.png 212w, https:\/\/samba-resille.org\/site\/wp-content\/uploads\/2023\/08\/Planche-A3-Rentree-2023-20243-724x1024.png 724w, https:\/\/samba-resille.org\/site\/wp-content\/uploads\/2023\/08\/Planche-A3-Rentree-2023-20243-8x12.png 8w, https:\/\/samba-resille.org\/site\/wp-content\/uploads\/2023\/08\/Planche-A3-Rentree-2023-20243-34x48.png 34w, https:\/\/samba-resille.org\/site\/wp-content\/uploads\/2023\/08\/Planche-A3-Rentree-2023-20243.png 842w\" sizes=\"(max-width: 768px) 100vw, 768px\" \/>\t\t\t\t\t\t\t\t\t\t\t\t\t\t\t<\/div>\n\t\t\t\t<\/div>\n\t\t\t\t\t<\/div>\n\t\t<\/div>\n\t\t\t\t\t<\/div>\n\t\t<\/section>\n\t\t\t\t<section class=\"elementor-section elementor-top-section elementor-element elementor-element-87e4faf elementor-section-boxed elementor-section-height-default elementor-section-height-default\" data-id=\"87e4faf\" data-element_type=\"section\" data-e-type=\"section\">\n\t\t\t\t\t\t<div class=\"elementor-container elementor-column-gap-default\">\n\t\t\t\t\t<div class=\"elementor-column elementor-col-100 elementor-top-column elementor-element elementor-element-a5545e1\" data-id=\"a5545e1\" data-element_type=\"column\" data-e-type=\"column\">\n\t\t\t<div class=\"elementor-widget-wrap elementor-element-populated\">\n\t\t\t\t\t\t<div class=\"elementor-element elementor-element-95605d2 elementor-widget elementor-widget-heading\" data-id=\"95605d2\" data-element_type=\"widget\" data-e-type=\"widget\" data-widget_type=\"heading.default\">\n\t\t\t\t<div class=\"elementor-widget-container\">\n\t\t\t\t\t<h3 class=\"elementor-heading-title elementor-size-default\">Le formateur<\/h3>\t\t\t\t<\/div>\n\t\t\t\t<\/div>\n\t\t\t\t\t<\/div>\n\t\t<\/div>\n\t\t\t\t\t<\/div>\n\t\t<\/section>\n\t\t\t\t<section class=\"elementor-section elementor-top-section elementor-element elementor-element-aa308e3 elementor-section-boxed elementor-section-height-default elementor-section-height-default\" data-id=\"aa308e3\" data-element_type=\"section\" data-e-type=\"section\">\n\t\t\t\t\t\t<div class=\"elementor-container elementor-column-gap-default\">\n\t\t\t\t\t<div class=\"elementor-column elementor-col-20 elementor-top-column elementor-element elementor-element-f22ddb0\" data-id=\"f22ddb0\" data-element_type=\"column\" data-e-type=\"column\">\n\t\t\t<div class=\"elementor-widget-wrap elementor-element-populated\">\n\t\t\t\t\t\t<div class=\"elementor-element elementor-element-2e83c18 elementor-widget elementor-widget-heading\" data-id=\"2e83c18\" data-element_type=\"widget\" data-e-type=\"widget\" data-widget_type=\"heading.default\">\n\t\t\t\t<div class=\"elementor-widget-container\">\n\t\t\t\t\t<h3 class=\"elementor-heading-title elementor-size-default\">Gr\u00e9gory<\/h3>\t\t\t\t<\/div>\n\t\t\t\t<\/div>\n\t\t\t\t<div class=\"elementor-element elementor-element-9c142d4 e-transform elementor-widget elementor-widget-image\" data-id=\"9c142d4\" data-element_type=\"widget\" data-e-type=\"widget\" data-settings=\"{&quot;_transform_translateX_effect&quot;:{&quot;unit&quot;:&quot;px&quot;,&quot;size&quot;:0,&quot;sizes&quot;:[]},&quot;_transform_translateY_effect&quot;:{&quot;unit&quot;:&quot;px&quot;,&quot;size&quot;:20,&quot;sizes&quot;:[]},&quot;_transform_translateX_effect_tablet&quot;:{&quot;unit&quot;:&quot;px&quot;,&quot;size&quot;:&quot;&quot;,&quot;sizes&quot;:[]},&quot;_transform_translateX_effect_mobile&quot;:{&quot;unit&quot;:&quot;px&quot;,&quot;size&quot;:&quot;&quot;,&quot;sizes&quot;:[]},&quot;_transform_translateY_effect_tablet&quot;:{&quot;unit&quot;:&quot;px&quot;,&quot;size&quot;:&quot;&quot;,&quot;sizes&quot;:[]},&quot;_transform_translateY_effect_mobile&quot;:{&quot;unit&quot;:&quot;px&quot;,&quot;size&quot;:&quot;&quot;,&quot;sizes&quot;:[]}}\" data-widget_type=\"image.default\">\n\t\t\t\t<div class=\"elementor-widget-container\">\n\t\t\t\t\t\t\t\t\t\t\t\t\t\t\t<img decoding=\"async\" src=\"https:\/\/samba-resille.org\/site\/wp-content\/uploads\/elementor\/thumbs\/Greg_compresse-qarnhfpjsdlrkdzxxp4nos8yhjd77c4a42u9lvsct4.png\" title=\"Greg_compress\u00e9\" alt=\"Greg_compress\u00e9\" loading=\"lazy\" \/>\t\t\t\t\t\t\t\t\t\t\t\t\t\t\t<\/div>\n\t\t\t\t<\/div>\n\t\t\t\t\t<\/div>\n\t\t<\/div>\n\t\t\t\t<div class=\"elementor-column elementor-col-20 elementor-top-column elementor-element elementor-element-58830b7\" data-id=\"58830b7\" data-element_type=\"column\" data-e-type=\"column\">\n\t\t\t<div class=\"elementor-widget-wrap\">\n\t\t\t\t\t\t\t<\/div>\n\t\t<\/div>\n\t\t\t\t<div class=\"elementor-column elementor-col-20 elementor-top-column elementor-element elementor-element-bed6302\" data-id=\"bed6302\" data-element_type=\"column\" data-e-type=\"column\">\n\t\t\t<div class=\"elementor-widget-wrap\">\n\t\t\t\t\t\t\t<\/div>\n\t\t<\/div>\n\t\t\t\t<div class=\"elementor-column elementor-col-20 elementor-top-column elementor-element elementor-element-a263902\" data-id=\"a263902\" data-element_type=\"column\" data-e-type=\"column\">\n\t\t\t<div class=\"elementor-widget-wrap\">\n\t\t\t\t\t\t\t<\/div>\n\t\t<\/div>\n\t\t\t\t<div class=\"elementor-column elementor-col-20 elementor-top-column elementor-element elementor-element-3fc85fd\" data-id=\"3fc85fd\" data-element_type=\"column\" data-e-type=\"column\">\n\t\t\t<div class=\"elementor-widget-wrap\">\n\t\t\t\t\t\t\t<\/div>\n\t\t<\/div>\n\t\t\t\t\t<\/div>\n\t\t<\/section>\n\t\t\t\t<section class=\"elementor-section elementor-top-section elementor-element elementor-element-ae3f9c7 elementor-section-boxed elementor-section-height-default elementor-section-height-default\" data-id=\"ae3f9c7\" data-element_type=\"section\" data-e-type=\"section\">\n\t\t\t\t\t\t<div class=\"elementor-container elementor-column-gap-default\">\n\t\t\t\t\t<div class=\"elementor-column elementor-col-25 elementor-top-column elementor-element elementor-element-33d8ea7\" data-id=\"33d8ea7\" data-element_type=\"column\" data-e-type=\"column\">\n\t\t\t<div class=\"elementor-widget-wrap\">\n\t\t\t\t\t\t\t<\/div>\n\t\t<\/div>\n\t\t\t\t<div class=\"elementor-column elementor-col-25 elementor-top-column elementor-element elementor-element-72d39ed\" data-id=\"72d39ed\" data-element_type=\"column\" data-e-type=\"column\">\n\t\t\t<div class=\"elementor-widget-wrap elementor-element-populated\">\n\t\t\t\t\t\t\t<\/div>\n\t\t<\/div>\n\t\t\t\t<div class=\"elementor-column elementor-col-25 elementor-top-column elementor-element elementor-element-d35ff64\" data-id=\"d35ff64\" data-element_type=\"column\" data-e-type=\"column\">\n\t\t\t<div class=\"elementor-widget-wrap\">\n\t\t\t\t\t\t\t<\/div>\n\t\t<\/div>\n\t\t\t\t<div class=\"elementor-column elementor-col-25 elementor-top-column elementor-element elementor-element-6dee67a\" data-id=\"6dee67a\" data-element_type=\"column\" data-e-type=\"column\">\n\t\t\t<div class=\"elementor-widget-wrap\">\n\t\t\t\t\t\t\t<\/div>\n\t\t<\/div>\n\t\t\t\t\t<\/div>\n\t\t<\/section>\n\t\t\t\t<section class=\"elementor-section elementor-top-section elementor-element elementor-element-c138a6d elementor-section-boxed elementor-section-height-default elementor-section-height-default\" data-id=\"c138a6d\" data-element_type=\"section\" data-e-type=\"section\">\n\t\t\t\t\t\t<div class=\"elementor-container elementor-column-gap-default\">\n\t\t\t\t\t<div class=\"elementor-column elementor-col-33 elementor-top-column elementor-element elementor-element-4e16083\" data-id=\"4e16083\" data-element_type=\"column\" data-e-type=\"column\">\n\t\t\t<div class=\"elementor-widget-wrap\">\n\t\t\t\t\t\t\t<\/div>\n\t\t<\/div>\n\t\t\t\t<div class=\"elementor-column elementor-col-33 elementor-top-column elementor-element elementor-element-fd2347a\" data-id=\"fd2347a\" data-element_type=\"column\" data-e-type=\"column\">\n\t\t\t<div class=\"elementor-widget-wrap\">\n\t\t\t\t\t\t\t<\/div>\n\t\t<\/div>\n\t\t\t\t<div class=\"elementor-column elementor-col-33 elementor-top-column elementor-element elementor-element-917a498\" data-id=\"917a498\" data-element_type=\"column\" data-e-type=\"column\">\n\t\t\t<div class=\"elementor-widget-wrap elementor-element-populated\">\n\t\t\t\t\t\t<div class=\"elementor-element elementor-element-e0a3659 elementor-nav-menu__align-end e-transform elementor-hidden-tablet elementor-hidden-mobile elementor-widget__width-inherit elementor-nav-menu--dropdown-tablet elementor-nav-menu__text-align-aside elementor-nav-menu--toggle elementor-nav-menu--burger elementor-widget elementor-widget-global elementor-global-1752 elementor-widget-nav-menu\" data-id=\"e0a3659\" data-element_type=\"widget\" data-e-type=\"widget\" data-settings=\"{&quot;layout&quot;:&quot;vertical&quot;,&quot;sticky&quot;:&quot;bottom&quot;,&quot;_transform_translateX_effect&quot;:{&quot;unit&quot;:&quot;px&quot;,&quot;size&quot;:12,&quot;sizes&quot;:[]},&quot;submenu_icon&quot;:{&quot;value&quot;:&quot;fas fa-caret-down&quot;,&quot;library&quot;:&quot;fa-solid&quot;},&quot;toggle&quot;:&quot;burger&quot;,&quot;sticky_on&quot;:[&quot;desktop&quot;,&quot;tablet&quot;,&quot;mobile&quot;],&quot;sticky_offset&quot;:0,&quot;sticky_effects_offset&quot;:0,&quot;sticky_anchor_link_offset&quot;:0,&quot;_transform_translateX_effect_tablet&quot;:{&quot;unit&quot;:&quot;px&quot;,&quot;size&quot;:&quot;&quot;,&quot;sizes&quot;:[]},&quot;_transform_translateX_effect_mobile&quot;:{&quot;unit&quot;:&quot;px&quot;,&quot;size&quot;:&quot;&quot;,&quot;sizes&quot;:[]},&quot;_transform_translateY_effect&quot;:{&quot;unit&quot;:&quot;px&quot;,&quot;size&quot;:&quot;&quot;,&quot;sizes&quot;:[]},&quot;_transform_translateY_effect_tablet&quot;:{&quot;unit&quot;:&quot;px&quot;,&quot;size&quot;:&quot;&quot;,&quot;sizes&quot;:[]},&quot;_transform_translateY_effect_mobile&quot;:{&quot;unit&quot;:&quot;px&quot;,&quot;size&quot;:&quot;&quot;,&quot;sizes&quot;:[]}}\" data-widget_type=\"nav-menu.default\">\n\t\t\t\t<div class=\"elementor-widget-container\">\n\t\t\t\t\t\t\t\t<nav aria-label=\"Menu\" class=\"elementor-nav-menu--main elementor-nav-menu__container elementor-nav-menu--layout-vertical e--pointer-none\">\n\t\t\t\t<ul id=\"menu-1-e0a3659\" class=\"elementor-nav-menu sm-vertical\"><li class=\"menu-item menu-item-type-custom menu-item-object-custom menu-item-749\"><a href=\"https:\/\/samba-resille.org\/site\/equipe\/#nouscontacter\" class=\"elementor-item elementor-item-anchor\">Nous contacter<\/a><\/li>\n<li class=\"menu-item menu-item-type-custom menu-item-object-custom menu-item-1669\"><a href=\"https:\/\/samba-resille.org\/site\/acces-et-informations\/\" class=\"elementor-item\">Acc\u00e8s et informations<\/a><\/li>\n<li class=\"menu-item menu-item-type-custom menu-item-object-custom menu-item-1357\"><a href=\"https:\/\/samba-resille.org\/site\/#newsletter\" class=\"elementor-item elementor-item-anchor\">Inscription Newsletter<\/a><\/li>\n<\/ul>\t\t\t<\/nav>\n\t\t\t\t\t<div class=\"elementor-menu-toggle\" role=\"button\" tabindex=\"0\" aria-label=\"Menu Toggle\" aria-expanded=\"false\">\n\t\t\t<i aria-hidden=\"true\" role=\"presentation\" class=\"elementor-menu-toggle__icon--open eicon-menu-bar\"><\/i><i aria-hidden=\"true\" role=\"presentation\" class=\"elementor-menu-toggle__icon--close eicon-close\"><\/i>\t\t<\/div>\n\t\t\t\t\t<nav class=\"elementor-nav-menu--dropdown elementor-nav-menu__container\" aria-hidden=\"true\">\n\t\t\t\t<ul id=\"menu-2-e0a3659\" class=\"elementor-nav-menu sm-vertical\"><li class=\"menu-item menu-item-type-custom menu-item-object-custom menu-item-749\"><a href=\"https:\/\/samba-resille.org\/site\/equipe\/#nouscontacter\" class=\"elementor-item elementor-item-anchor\" tabindex=\"-1\">Nous contacter<\/a><\/li>\n<li class=\"menu-item menu-item-type-custom menu-item-object-custom menu-item-1669\"><a href=\"https:\/\/samba-resille.org\/site\/acces-et-informations\/\" class=\"elementor-item\" tabindex=\"-1\">Acc\u00e8s et informations<\/a><\/li>\n<li class=\"menu-item menu-item-type-custom menu-item-object-custom menu-item-1357\"><a href=\"https:\/\/samba-resille.org\/site\/#newsletter\" class=\"elementor-item elementor-item-anchor\" tabindex=\"-1\">Inscription Newsletter<\/a><\/li>\n<\/ul>\t\t\t<\/nav>\n\t\t\t\t\t\t<\/div>\n\t\t\t\t<\/div>\n\t\t\t\t\t<\/div>\n\t\t<\/div>\n\t\t\t\t\t<\/div>\n\t\t<\/section>\n\t\t\t\t<\/div>\n\t\t","protected":false},"excerpt":{"rendered":"<p>Ateliers Jeune public Depuis plus de 30 ans, l&rsquo;\u00e9cole de Samba de Samba R\u00e9sille se d\u00e9cline aussi pour les plus jeunes ! Nous proposons des ateliers pour tous les \u00e2ges : de la batucada pour les primaires, faire un collectif de percussions comme les grands qui anime le quartier et les \u00e9v\u00e9nements de la ville, [&hellip;]<\/p>\n","protected":false},"author":3,"featured_media":0,"parent":0,"menu_order":0,"comment_status":"closed","ping_status":"closed","template":"elementor_header_footer","meta":{"footnotes":""},"categories":[],"tags":[],"class_list":["post-3952","page","type-page","status-publish","hentry"],"_links":{"self":[{"href":"https:\/\/samba-resille.org\/site\/en\/wp-json\/wp\/v2\/pages\/3952","targetHints":{"allow":["GET"]}}],"collection":[{"href":"https:\/\/samba-resille.org\/site\/en\/wp-json\/wp\/v2\/pages"}],"about":[{"href":"https:\/\/samba-resille.org\/site\/en\/wp-json\/wp\/v2\/types\/page"}],"author":[{"embeddable":true,"href":"https:\/\/samba-resille.org\/site\/en\/wp-json\/wp\/v2\/users\/3"}],"replies":[{"embeddable":true,"href":"https:\/\/samba-resille.org\/site\/en\/wp-json\/wp\/v2\/comments?post=3952"}],"version-history":[{"count":90,"href":"https:\/\/samba-resille.org\/site\/en\/wp-json\/wp\/v2\/pages\/3952\/revisions"}],"predecessor-version":[{"id":15189,"href":"https:\/\/samba-resille.org\/site\/en\/wp-json\/wp\/v2\/pages\/3952\/revisions\/15189"}],"wp:attachment":[{"href":"https:\/\/samba-resille.org\/site\/en\/wp-json\/wp\/v2\/media?parent=3952"}],"wp:term":[{"taxonomy":"category","embeddable":true,"href":"https:\/\/samba-resille.org\/site\/en\/wp-json\/wp\/v2\/categories?post=3952"},{"taxonomy":"post_tag","embeddable":true,"href":"https:\/\/samba-resille.org\/site\/en\/wp-json\/wp\/v2\/tags?post=3952"}],"curies":[{"name":"wp","href":"https:\/\/api.w.org\/{rel}","templated":true}]}}