{"id":3967,"date":"2022-10-06T12:40:20","date_gmt":"2022-10-06T10:40:20","guid":{"rendered":"https:\/\/samba-resille.org\/site2\/?page_id=3967"},"modified":"2023-08-30T11:36:11","modified_gmt":"2023-08-30T09:36:11","slug":"externes","status":"publish","type":"page","link":"https:\/\/samba-resille.org\/site\/en\/externes\/","title":{"rendered":"External"},"content":{"rendered":"\t\t<div data-elementor-type=\"wp-page\" data-elementor-id=\"3967\" class=\"elementor elementor-3967\" wpc-filter-elementor-widget=\"1\" data-elementor-post-type=\"page\">\n\t\t\t\t\t\t<section class=\"elementor-section elementor-top-section elementor-element elementor-element-ba61032 elementor-section-boxed elementor-section-height-default elementor-section-height-default\" data-id=\"ba61032\" data-element_type=\"section\" data-e-type=\"section\">\n\t\t\t\t\t\t<div class=\"elementor-container elementor-column-gap-default\">\n\t\t\t\t\t<div class=\"elementor-column elementor-col-100 elementor-top-column elementor-element elementor-element-c8333d7\" data-id=\"c8333d7\" data-element_type=\"column\" data-e-type=\"column\">\n\t\t\t<div class=\"elementor-widget-wrap elementor-element-populated\">\n\t\t\t\t\t\t<div class=\"elementor-element elementor-element-0a3b5b1 elementor-widget elementor-widget-spacer\" data-id=\"0a3b5b1\" data-element_type=\"widget\" data-e-type=\"widget\" data-widget_type=\"spacer.default\">\n\t\t\t\t<div class=\"elementor-widget-container\">\n\t\t\t\t\t\t\t<div class=\"elementor-spacer\">\n\t\t\t<div class=\"elementor-spacer-inner\"><\/div>\n\t\t<\/div>\n\t\t\t\t\t\t<\/div>\n\t\t\t\t<\/div>\n\t\t\t\t<div class=\"elementor-element elementor-element-4860858 elementor-widget elementor-widget-heading\" data-id=\"4860858\" data-element_type=\"widget\" data-e-type=\"widget\" data-widget_type=\"heading.default\">\n\t\t\t\t<div class=\"elementor-widget-container\">\n\t\t\t\t\t<h6 class=\"elementor-heading-title elementor-size-default\">Ateliers externes<\/h6>\t\t\t\t<\/div>\n\t\t\t\t<\/div>\n\t\t\t\t\t<\/div>\n\t\t<\/div>\n\t\t\t\t\t<\/div>\n\t\t<\/section>\n\t\t\t\t<section class=\"elementor-section elementor-top-section elementor-element elementor-element-ef38391 elementor-section-boxed elementor-section-height-default elementor-section-height-default\" data-id=\"ef38391\" data-element_type=\"section\" data-e-type=\"section\">\n\t\t\t\t\t\t<div class=\"elementor-container elementor-column-gap-default\">\n\t\t\t\t\t<div class=\"elementor-column elementor-col-33 elementor-top-column elementor-element elementor-element-08467d3\" data-id=\"08467d3\" data-element_type=\"column\" data-e-type=\"column\">\n\t\t\t<div class=\"elementor-widget-wrap elementor-element-populated\">\n\t\t\t\t\t\t<div class=\"elementor-element elementor-element-83acc00 elementor-widget elementor-widget-text-editor\" data-id=\"83acc00\" data-element_type=\"widget\" data-e-type=\"widget\" data-widget_type=\"text-editor.default\">\n\t\t\t\t<div class=\"elementor-widget-container\">\n\t\t\t\t\t\t\t\t\t<p>Ils s\u2019adressent \u00e0 des publics divers allant du jeune public, de personnes en situation de handicap sensoriel et\/ou mental, ou encore \u00e0 un public adulte.<\/p><p>Les activit\u00e9s se d\u00e9roulent dans les locaux de l\u2019association au 38 rue Roquelaine \u00e0 Toulouse ou chez les structures partenaires lorsque ces derni\u00e8res ont des locaux adapt\u00e9s.<\/p><p>Cependant, et notamment pour le jeune public et le public en situation de handicap issu de structures partenaires, nous mettons en place des ateliers en alternance entre leur structure de rattachement et le local de Samba R\u00e9sille pour favoriser chez eux la fr\u00e9quentation de notre lieu culturel et leur permettre d\u2019acc\u00e9der \u00e0 d\u2019autres activit\u00e9s qui peuvent avoir lieu comme les expositions notamment.<strong>\u00a0<\/strong><\/p><p>Depuis plus de 17 ans, Samba R\u00e9sille travaille en partenariat avec des structures m\u00e9dico-sociales (IME, FAM, MAS, ITEP, MECS, associations) en cr\u00e9ant des ateliers de pratique de la batucada, avec comme objectif principal de changer le regard sur la personne handicap\u00e9e. Pour cela, des temps de repr\u00e9sentation en public (bars, rue, festivals de musique) sont organis\u00e9s. Ces ateliers se d\u00e9roulent dans les structures et\/ou dans nos locaux, permettant aux personnes en situation de handicap de s&rsquo;approprier notre lieu et favoriser ainsi pour eux la possibilit\u00e9 de rencontrer nos membres en sortant des institutions qui les accompagnent au quotidien.<\/p>\t\t\t\t\t\t\t\t<\/div>\n\t\t\t\t<\/div>\n\t\t\t\t<div class=\"elementor-element elementor-element-8af6996 elementor-widget elementor-widget-text-editor\" data-id=\"8af6996\" data-element_type=\"widget\" data-e-type=\"widget\" data-widget_type=\"text-editor.default\">\n\t\t\t\t<div class=\"elementor-widget-container\">\n\t\t\t\t\t\t\t\t\t<p><b>ATELIERS EXTERNES EN 2023\/2024<\/b><\/p>\n<p>PPN &#8211; Centre hospitalier muret<br>Batucafond &#8211; IME Autan Val Fleuri<br>Batucabraille &#8211; Institut Jeunes Aveugles<br>Sambatouch &#8211; IME Saint-Jean<br>Sambaguettes &#8211; IME Les Tro\u00e8nes<br>IME Les Oustalous<br>ASC CNES<br>Centre d\u2019initiatives artistiques du Mirail (CIAM)<br>BatuCLAE<br>ERASME<br>Teambuilding E-Sant\u00e9 Occitanie<br>Teambuilding Acoustique Gamba<\/p>\t\t\t\t\t\t\t\t<\/div>\n\t\t\t\t<\/div>\n\t\t\t\t\t<\/div>\n\t\t<\/div>\n\t\t\t\t<div class=\"elementor-column elementor-col-33 elementor-top-column elementor-element elementor-element-dbfe238\" data-id=\"dbfe238\" data-element_type=\"column\" data-e-type=\"column\">\n\t\t\t<div class=\"elementor-widget-wrap elementor-element-populated\">\n\t\t\t\t\t\t<div class=\"elementor-element elementor-element-f90b3fd elementor-widget elementor-widget-text-editor\" data-id=\"f90b3fd\" data-element_type=\"widget\" data-e-type=\"widget\" data-widget_type=\"text-editor.default\">\n\t\t\t\t<div class=\"elementor-widget-container\">\n\t\t\t\t\t\t\t\t\t<p><b>ZOOM SUR : Les Ateliers du CIAM<\/b><\/p><p><b><img decoding=\"async\" class=\" wp-image-4529 alignleft\" src=\"https:\/\/samba-resille.org\/site\/wp-content\/uploads\/2022\/10\/ciam.png\" alt=\"\" width=\"214\" height=\"94\" \/><\/b>\u00c0 la demande du Centre d\u2019initiatives artistiques du Mirail (CIAM), Samba R\u00e9sille a mis en place depuis\u00a0 2021 un atelier hebdomadaire de musique br\u00e9silienne \u00e0 destination des \u00e9tudiants du campus du Mirail.<\/p><p>L\u2019atelier se d\u00e9roule le mardi soir de 18h30 \u00e0 20h00 dans les locaux de Samba R\u00e9sille, et consiste en une initiation aux diff\u00e9rentes formes de la musique br\u00e9silienne, avec une premi\u00e8re partie du cours consacr\u00e9e \u00e0 la roda de samba (chant), et une deuxi\u00e8me \u00e0 la batucada (percussions).<\/p><p>Le projet comprend \u00e9galement des temps d\u2019\u00e9changes, d\u2019information et de rencontres sur les questions interculturelles contemporaines trait\u00e9es par l\u2019association \u00e0 travers ses projets locaux et internationaux, avec l\u2019envie, pour Samba R\u00e9sille, d\u2019ouvrir plus largement ses portes \u00e0 la jeunesse &#8211; la question du renouvellement g\u00e9n\u00e9rationnel \u00e9tant un enjeu important pour une association qui f\u00eate ses trente ans en 2022.<\/p>\t\t\t\t\t\t\t\t<\/div>\n\t\t\t\t<\/div>\n\t\t\t\t<div class=\"elementor-element elementor-element-a6bd929 elementor-widget elementor-widget-image\" data-id=\"a6bd929\" data-element_type=\"widget\" data-e-type=\"widget\" data-widget_type=\"image.default\">\n\t\t\t\t<div class=\"elementor-widget-container\">\n\t\t\t\t\t\t\t\t\t\t\t\t\t\t\t<img fetchpriority=\"high\" decoding=\"async\" width=\"768\" height=\"1024\" src=\"https:\/\/samba-resille.org\/site\/wp-content\/uploads\/2021\/08\/atelier3-768x1024.jpg\" class=\"attachment-large size-large wp-image-301\" alt=\"\" srcset=\"https:\/\/samba-resille.org\/site\/wp-content\/uploads\/2021\/08\/atelier3-768x1024.jpg 768w, https:\/\/samba-resille.org\/site\/wp-content\/uploads\/2021\/08\/atelier3-225x300.jpg 225w, https:\/\/samba-resille.org\/site\/wp-content\/uploads\/2021\/08\/atelier3-1152x1536.jpg 1152w, https:\/\/samba-resille.org\/site\/wp-content\/uploads\/2021\/08\/atelier3-1536x2048.jpg 1536w, https:\/\/samba-resille.org\/site\/wp-content\/uploads\/2021\/08\/atelier3-scaled.jpg 1920w\" sizes=\"(max-width: 768px) 100vw, 768px\" \/>\t\t\t\t\t\t\t\t\t\t\t\t\t\t\t<\/div>\n\t\t\t\t<\/div>\n\t\t\t\t\t<\/div>\n\t\t<\/div>\n\t\t\t\t<div class=\"elementor-column elementor-col-33 elementor-top-column elementor-element elementor-element-c744bab\" data-id=\"c744bab\" data-element_type=\"column\" data-e-type=\"column\">\n\t\t\t<div class=\"elementor-widget-wrap elementor-element-populated\">\n\t\t\t\t\t\t<div class=\"elementor-element elementor-element-f9a2862 elementor-widget elementor-widget-text-editor\" data-id=\"f9a2862\" data-element_type=\"widget\" data-e-type=\"widget\" data-widget_type=\"text-editor.default\">\n\t\t\t\t<div class=\"elementor-widget-container\">\n\t\t\t\t\t\t\t\t\t<p><b>ZOOM SUR : Les POURQUOI PAS NOUS ?<br \/><\/b><\/p><p><img decoding=\"async\" class=\" wp-image-6156 alignleft\" src=\"https:\/\/samba-resille.org\/site\/wp-content\/uploads\/2022\/11\/PPN-final-couleur-300x172.jpg\" alt=\"\" width=\"171\" height=\"98\" srcset=\"https:\/\/samba-resille.org\/site\/wp-content\/uploads\/2022\/11\/PPN-final-couleur-300x172.jpg 300w, https:\/\/samba-resille.org\/site\/wp-content\/uploads\/2022\/11\/PPN-final-couleur-18x10.jpg 18w, https:\/\/samba-resille.org\/site\/wp-content\/uploads\/2022\/11\/PPN-final-couleur.jpg 436w\" sizes=\"(max-width: 171px) 100vw, 171px\" \/><\/p><p><b>Action culturelle \u00e0 destination de jeunes publics valides et\/ou en situation de vuln\u00e9rabilit\u00e9 (handicap physique, sensoriel ou mental). <br \/>Travail autour d\u2019une pratique artistique ou d\u2019un projet culturel avec un groupe de jeunes o\u00f9 ils sont acteurs de leur projet. <br \/><\/b><\/p>\t\t\t\t\t\t\t\t<\/div>\n\t\t\t\t<\/div>\n\t\t\t\t<div class=\"elementor-element elementor-element-539b587 elementor-widget elementor-widget-image\" data-id=\"539b587\" data-element_type=\"widget\" data-e-type=\"widget\" data-widget_type=\"image.default\">\n\t\t\t\t<div class=\"elementor-widget-container\">\n\t\t\t\t\t\t\t\t\t\t\t\t\t\t\t<img loading=\"lazy\" decoding=\"async\" width=\"800\" height=\"600\" src=\"https:\/\/samba-resille.org\/site\/wp-content\/uploads\/2022\/10\/Batucafond-Batucabraille-Pourquoi-Pas-Nous-Sambatouch-a-Handiamos-2022-1024x768.jpeg\" class=\"attachment-large size-large wp-image-4901\" alt=\"\" srcset=\"https:\/\/samba-resille.org\/site\/wp-content\/uploads\/2022\/10\/Batucafond-Batucabraille-Pourquoi-Pas-Nous-Sambatouch-a-Handiamos-2022-1024x768.jpeg 1024w, https:\/\/samba-resille.org\/site\/wp-content\/uploads\/2022\/10\/Batucafond-Batucabraille-Pourquoi-Pas-Nous-Sambatouch-a-Handiamos-2022-300x225.jpeg 300w, https:\/\/samba-resille.org\/site\/wp-content\/uploads\/2022\/10\/Batucafond-Batucabraille-Pourquoi-Pas-Nous-Sambatouch-a-Handiamos-2022-768x576.jpeg 768w, https:\/\/samba-resille.org\/site\/wp-content\/uploads\/2022\/10\/Batucafond-Batucabraille-Pourquoi-Pas-Nous-Sambatouch-a-Handiamos-2022-1536x1152.jpeg 1536w, https:\/\/samba-resille.org\/site\/wp-content\/uploads\/2022\/10\/Batucafond-Batucabraille-Pourquoi-Pas-Nous-Sambatouch-a-Handiamos-2022.jpeg 1600w\" sizes=\"(max-width: 800px) 100vw, 800px\" \/>\t\t\t\t\t\t\t\t\t\t\t\t\t\t\t<\/div>\n\t\t\t\t<\/div>\n\t\t\t\t<div class=\"elementor-element elementor-element-9716ba3 elementor-widget elementor-widget-video\" data-id=\"9716ba3\" data-element_type=\"widget\" data-e-type=\"widget\" data-settings=\"{&quot;youtube_url&quot;:&quot;https:\\\/\\\/youtu.be\\\/uQnHTr1hx7E&quot;,&quot;video_type&quot;:&quot;youtube&quot;,&quot;controls&quot;:&quot;yes&quot;}\" data-widget_type=\"video.default\">\n\t\t\t\t<div class=\"elementor-widget-container\">\n\t\t\t\t\t\t\t<div class=\"elementor-wrapper elementor-open-inline\">\n\t\t\t<div class=\"elementor-video\"><\/div>\t\t<\/div>\n\t\t\t\t\t\t<\/div>\n\t\t\t\t<\/div>\n\t\t\t\t<div class=\"elementor-element elementor-element-10aec1f elementor-widget elementor-widget-image\" data-id=\"10aec1f\" data-element_type=\"widget\" data-e-type=\"widget\" data-widget_type=\"image.default\">\n\t\t\t\t<div class=\"elementor-widget-container\">\n\t\t\t\t\t\t\t\t\t\t\t\t\t\t\t<img loading=\"lazy\" decoding=\"async\" width=\"800\" height=\"600\" src=\"https:\/\/samba-resille.org\/site\/wp-content\/uploads\/2022\/10\/alice-le-guen-7-1024x768.jpg\" class=\"attachment-large size-large wp-image-4907\" alt=\"\" srcset=\"https:\/\/samba-resille.org\/site\/wp-content\/uploads\/2022\/10\/alice-le-guen-7-1024x768.jpg 1024w, https:\/\/samba-resille.org\/site\/wp-content\/uploads\/2022\/10\/alice-le-guen-7-300x225.jpg 300w, https:\/\/samba-resille.org\/site\/wp-content\/uploads\/2022\/10\/alice-le-guen-7-768x576.jpg 768w, https:\/\/samba-resille.org\/site\/wp-content\/uploads\/2022\/10\/alice-le-guen-7-1536x1152.jpg 1536w, https:\/\/samba-resille.org\/site\/wp-content\/uploads\/2022\/10\/alice-le-guen-7-2048x1536.jpg 2048w\" sizes=\"(max-width: 800px) 100vw, 800px\" \/>\t\t\t\t\t\t\t\t\t\t\t\t\t\t\t<\/div>\n\t\t\t\t<\/div>\n\t\t\t\t\t<\/div>\n\t\t<\/div>\n\t\t\t\t\t<\/div>\n\t\t<\/section>\n\t\t\t\t<section class=\"elementor-section elementor-top-section elementor-element elementor-element-1e71e33 elementor-section-boxed elementor-section-height-default elementor-section-height-default\" data-id=\"1e71e33\" data-element_type=\"section\" data-e-type=\"section\">\n\t\t\t\t\t\t<div class=\"elementor-container elementor-column-gap-default\">\n\t\t\t\t\t<div class=\"elementor-column elementor-col-33 elementor-top-column elementor-element elementor-element-451e5ad\" data-id=\"451e5ad\" data-element_type=\"column\" data-e-type=\"column\">\n\t\t\t<div class=\"elementor-widget-wrap elementor-element-populated\">\n\t\t\t\t\t\t<div class=\"elementor-element elementor-element-baffdb3 elementor-widget elementor-widget-text-editor\" data-id=\"baffdb3\" data-element_type=\"widget\" data-e-type=\"widget\" data-widget_type=\"text-editor.default\">\n\t\t\t\t<div class=\"elementor-widget-container\">\n\t\t\t\t\t\t\t\t\t<h3><strong>TECHNIQUES \u00c9DUCATIVES<br \/><\/strong><\/h3><p>Dans le cadre de notre partenariat avec l&rsquo;\u00e9cole d&rsquo;\u00e9ducateurs et moniteurs toulousaine Erasme, nous travaillons depuis plus de dix ans sur des ateliers de techniques \u00e9ducatives. Plusieurs fois par an, pendant une semaine nous accueillons douze \u00e9tudiants en formation d&rsquo;\u00e9ducateur sp\u00e9cialis\u00e9 ou moniteur \u00e9ducateur avec lesquels nous abordons les objectifs suivants : <br \/>Pratique artistique<br \/>D\u00e9couverte de la batucada<br \/>Apprentissage de la musique en collectif<br \/>Rencontre avec des ateliers de batucada mis en place dans nos structures partenaires du m\u00e9dicosocial<br \/>Analyse de la pratique<br \/>Sensibilisation au contexte social et politique du Samba au Br\u00e9sil<br \/>Temps de discussions et d&rsquo;analyse de pratique<br \/>Temps de projection sur leur futur m\u00e9tier<\/p>\t\t\t\t\t\t\t\t<\/div>\n\t\t\t\t<\/div>\n\t\t\t\t\t<\/div>\n\t\t<\/div>\n\t\t\t\t<div class=\"elementor-column elementor-col-33 elementor-top-column elementor-element elementor-element-64c0082\" data-id=\"64c0082\" data-element_type=\"column\" data-e-type=\"column\">\n\t\t\t<div class=\"elementor-widget-wrap elementor-element-populated\">\n\t\t\t\t\t\t<div class=\"elementor-element elementor-element-5ae7902 elementor-widget elementor-widget-text-editor\" data-id=\"5ae7902\" data-element_type=\"widget\" data-e-type=\"widget\" data-widget_type=\"text-editor.default\">\n\t\t\t\t<div class=\"elementor-widget-container\">\n\t\t\t\t\t\t\t\t\t<h3><strong>TEAMBUILDING<\/strong><\/h3><p>Nos propositions de teambuilding utilisent la pratique artistique (percussions, chant, icebreakers) pour d\u00e9velopper la coh\u00e9sion de groupe au sein d&rsquo;\u00e9quipes professionnelles.\u00a0<\/p><p>Nos actions en 2021-2022 :<br \/>Entreprise Acoustique Gamba (Toulouse &#8211; Angers &#8211; Marseille &#8211; Rodez)<br \/>Atelier de coh\u00e9sion de groupe au sein d&rsquo;une \u00e9quipe professionnelle venant de l&rsquo;ensemble de la France. D\u00e9couverte de la batucada et travail de coh\u00e9sion de groupe autour d&rsquo;une production musicale commune en public<br \/>Entreprise E-Sant\u00e9 (Occitanie)<br \/>Atelier de coh\u00e9sion de groupe au sein d&rsquo;une \u00e9quipe professionnelle venant de l&rsquo;ensemble de la r\u00e9gion Occitanie. D\u00e9couverte de la batucada et travail de coh\u00e9sion de groupe autour de la cr\u00e9ation d&rsquo;un collectif de percussions.<\/p>\t\t\t\t\t\t\t\t<\/div>\n\t\t\t\t<\/div>\n\t\t\t\t\t<\/div>\n\t\t<\/div>\n\t\t\t\t<div class=\"elementor-column elementor-col-33 elementor-top-column elementor-element elementor-element-337f747\" data-id=\"337f747\" data-element_type=\"column\" data-e-type=\"column\">\n\t\t\t<div class=\"elementor-widget-wrap elementor-element-populated\">\n\t\t\t\t\t\t<div class=\"elementor-element elementor-element-1754431 elementor-widget elementor-widget-text-editor\" data-id=\"1754431\" data-element_type=\"widget\" data-e-type=\"widget\" data-widget_type=\"text-editor.default\">\n\t\t\t\t<div class=\"elementor-widget-container\">\n\t\t\t\t\t\t\t\t\t<h3><strong>Formations \u00e0 destination des professionnels de la musique (En cours de d\u00e9veloppement)<br><\/strong><\/h3>\n<p><\/p>\n<p>Nous d\u00e9veloppons des contenus \u00e0 destination des professionnels de la musique (musiciens et professeurs de musiques), bas\u00e9s sur la capitalisation de nos exp\u00e9riences locales et internationales en musiques du monde. L&rsquo;association proc\u00e8de actuellement \u00e0 un audit permettant de pr\u00e9senter un dossier de candidature \u00e0 la certification Qualiopi.<\/p>\t\t\t\t\t\t\t\t<\/div>\n\t\t\t\t<\/div>\n\t\t\t\t\t<\/div>\n\t\t<\/div>\n\t\t\t\t\t<\/div>\n\t\t<\/section>\n\t\t\t\t<section class=\"elementor-section elementor-top-section elementor-element elementor-element-2edb43a elementor-section-boxed elementor-section-height-default elementor-section-height-default\" data-id=\"2edb43a\" data-element_type=\"section\" data-e-type=\"section\">\n\t\t\t\t\t\t<div class=\"elementor-container elementor-column-gap-default\">\n\t\t\t\t\t<div class=\"elementor-column elementor-col-33 elementor-top-column elementor-element elementor-element-801517e\" data-id=\"801517e\" data-element_type=\"column\" data-e-type=\"column\">\n\t\t\t<div class=\"elementor-widget-wrap\">\n\t\t\t\t\t\t\t<\/div>\n\t\t<\/div>\n\t\t\t\t<div class=\"elementor-column elementor-col-33 elementor-top-column elementor-element elementor-element-7a3196c\" data-id=\"7a3196c\" data-element_type=\"column\" data-e-type=\"column\">\n\t\t\t<div class=\"elementor-widget-wrap\">\n\t\t\t\t\t\t\t<\/div>\n\t\t<\/div>\n\t\t\t\t<div class=\"elementor-column elementor-col-33 elementor-top-column elementor-element elementor-element-f15321f\" data-id=\"f15321f\" data-element_type=\"column\" data-e-type=\"column\">\n\t\t\t<div class=\"elementor-widget-wrap elementor-element-populated\">\n\t\t\t\t\t\t<div class=\"elementor-element elementor-element-f17d545 elementor-nav-menu__align-end e-transform elementor-hidden-tablet elementor-hidden-mobile elementor-widget__width-inherit elementor-nav-menu--dropdown-tablet elementor-nav-menu__text-align-aside elementor-nav-menu--toggle elementor-nav-menu--burger elementor-widget elementor-widget-global elementor-global-1752 elementor-widget-nav-menu\" data-id=\"f17d545\" data-element_type=\"widget\" data-e-type=\"widget\" data-settings=\"{&quot;layout&quot;:&quot;vertical&quot;,&quot;sticky&quot;:&quot;bottom&quot;,&quot;_transform_translateX_effect&quot;:{&quot;unit&quot;:&quot;px&quot;,&quot;size&quot;:12,&quot;sizes&quot;:[]},&quot;submenu_icon&quot;:{&quot;value&quot;:&quot;fas fa-caret-down&quot;,&quot;library&quot;:&quot;fa-solid&quot;},&quot;toggle&quot;:&quot;burger&quot;,&quot;sticky_on&quot;:[&quot;desktop&quot;,&quot;tablet&quot;,&quot;mobile&quot;],&quot;sticky_offset&quot;:0,&quot;sticky_effects_offset&quot;:0,&quot;sticky_anchor_link_offset&quot;:0,&quot;_transform_translateX_effect_tablet&quot;:{&quot;unit&quot;:&quot;px&quot;,&quot;size&quot;:&quot;&quot;,&quot;sizes&quot;:[]},&quot;_transform_translateX_effect_mobile&quot;:{&quot;unit&quot;:&quot;px&quot;,&quot;size&quot;:&quot;&quot;,&quot;sizes&quot;:[]},&quot;_transform_translateY_effect&quot;:{&quot;unit&quot;:&quot;px&quot;,&quot;size&quot;:&quot;&quot;,&quot;sizes&quot;:[]},&quot;_transform_translateY_effect_tablet&quot;:{&quot;unit&quot;:&quot;px&quot;,&quot;size&quot;:&quot;&quot;,&quot;sizes&quot;:[]},&quot;_transform_translateY_effect_mobile&quot;:{&quot;unit&quot;:&quot;px&quot;,&quot;size&quot;:&quot;&quot;,&quot;sizes&quot;:[]}}\" data-widget_type=\"nav-menu.default\">\n\t\t\t\t<div class=\"elementor-widget-container\">\n\t\t\t\t\t\t\t\t<nav aria-label=\"Menu\" class=\"elementor-nav-menu--main elementor-nav-menu__container elementor-nav-menu--layout-vertical e--pointer-none\">\n\t\t\t\t<ul id=\"menu-1-f17d545\" class=\"elementor-nav-menu sm-vertical\"><li class=\"menu-item menu-item-type-custom menu-item-object-custom menu-item-749\"><a href=\"https:\/\/samba-resille.org\/site\/equipe\/#nouscontacter\" class=\"elementor-item elementor-item-anchor\">Nous contacter<\/a><\/li>\n<li class=\"menu-item menu-item-type-custom menu-item-object-custom menu-item-1669\"><a href=\"https:\/\/samba-resille.org\/site\/acces-et-informations\/\" class=\"elementor-item\">Acc\u00e8s et informations<\/a><\/li>\n<li class=\"menu-item menu-item-type-custom menu-item-object-custom menu-item-1357\"><a href=\"https:\/\/samba-resille.org\/site\/#newsletter\" class=\"elementor-item elementor-item-anchor\">Inscription Newsletter<\/a><\/li>\n<\/ul>\t\t\t<\/nav>\n\t\t\t\t\t<div class=\"elementor-menu-toggle\" role=\"button\" tabindex=\"0\" aria-label=\"Menu Toggle\" aria-expanded=\"false\">\n\t\t\t<i aria-hidden=\"true\" role=\"presentation\" class=\"elementor-menu-toggle__icon--open eicon-menu-bar\"><\/i><i aria-hidden=\"true\" role=\"presentation\" class=\"elementor-menu-toggle__icon--close eicon-close\"><\/i>\t\t<\/div>\n\t\t\t\t\t<nav class=\"elementor-nav-menu--dropdown elementor-nav-menu__container\" aria-hidden=\"true\">\n\t\t\t\t<ul id=\"menu-2-f17d545\" class=\"elementor-nav-menu sm-vertical\"><li class=\"menu-item menu-item-type-custom menu-item-object-custom menu-item-749\"><a href=\"https:\/\/samba-resille.org\/site\/equipe\/#nouscontacter\" class=\"elementor-item elementor-item-anchor\" tabindex=\"-1\">Nous contacter<\/a><\/li>\n<li class=\"menu-item menu-item-type-custom menu-item-object-custom menu-item-1669\"><a href=\"https:\/\/samba-resille.org\/site\/acces-et-informations\/\" class=\"elementor-item\" tabindex=\"-1\">Acc\u00e8s et informations<\/a><\/li>\n<li class=\"menu-item menu-item-type-custom menu-item-object-custom menu-item-1357\"><a href=\"https:\/\/samba-resille.org\/site\/#newsletter\" class=\"elementor-item elementor-item-anchor\" tabindex=\"-1\">Inscription Newsletter<\/a><\/li>\n<\/ul>\t\t\t<\/nav>\n\t\t\t\t\t\t<\/div>\n\t\t\t\t<\/div>\n\t\t\t\t\t<\/div>\n\t\t<\/div>\n\t\t\t\t\t<\/div>\n\t\t<\/section>\n\t\t\t\t<\/div>\n\t\t","protected":false},"excerpt":{"rendered":"<p>Ateliers externes Ils s\u2019adressent \u00e0 des publics divers allant du jeune public, de personnes en situation de handicap sensoriel et\/ou mental, ou encore \u00e0 un public adulte. Les activit\u00e9s se d\u00e9roulent dans les locaux de l\u2019association au 38 rue Roquelaine \u00e0 Toulouse ou chez les structures partenaires lorsque ces derni\u00e8res ont des locaux adapt\u00e9s. Cependant, [&hellip;]<\/p>\n","protected":false},"author":3,"featured_media":0,"parent":0,"menu_order":0,"comment_status":"closed","ping_status":"closed","template":"","meta":{"footnotes":""},"categories":[],"tags":[],"class_list":["post-3967","page","type-page","status-publish","hentry"],"_links":{"self":[{"href":"https:\/\/samba-resille.org\/site\/en\/wp-json\/wp\/v2\/pages\/3967","targetHints":{"allow":["GET"]}}],"collection":[{"href":"https:\/\/samba-resille.org\/site\/en\/wp-json\/wp\/v2\/pages"}],"about":[{"href":"https:\/\/samba-resille.org\/site\/en\/wp-json\/wp\/v2\/types\/page"}],"author":[{"embeddable":true,"href":"https:\/\/samba-resille.org\/site\/en\/wp-json\/wp\/v2\/users\/3"}],"replies":[{"embeddable":true,"href":"https:\/\/samba-resille.org\/site\/en\/wp-json\/wp\/v2\/comments?post=3967"}],"version-history":[{"count":3,"href":"https:\/\/samba-resille.org\/site\/en\/wp-json\/wp\/v2\/pages\/3967\/revisions"}],"predecessor-version":[{"id":9829,"href":"https:\/\/samba-resille.org\/site\/en\/wp-json\/wp\/v2\/pages\/3967\/revisions\/9829"}],"wp:attachment":[{"href":"https:\/\/samba-resille.org\/site\/en\/wp-json\/wp\/v2\/media?parent=3967"}],"wp:term":[{"taxonomy":"category","embeddable":true,"href":"https:\/\/samba-resille.org\/site\/en\/wp-json\/wp\/v2\/categories?post=3967"},{"taxonomy":"post_tag","embeddable":true,"href":"https:\/\/samba-resille.org\/site\/en\/wp-json\/wp\/v2\/tags?post=3967"}],"curies":[{"name":"wp","href":"https:\/\/api.w.org\/{rel}","templated":true}]}}