{"id":4057,"date":"2022-10-18T12:58:17","date_gmt":"2022-10-18T10:58:17","guid":{"rendered":"https:\/\/samba-resille.org\/site2\/?page_id=4057"},"modified":"2022-11-25T15:37:48","modified_gmt":"2022-11-25T14:37:48","slug":"la-compagnie","status":"publish","type":"page","link":"https:\/\/samba-resille.org\/site\/la-compagnie\/","title":{"rendered":"La compagnie"},"content":{"rendered":"\t\t<div data-elementor-type=\"wp-page\" data-elementor-id=\"4057\" class=\"elementor elementor-4057\" wpc-filter-elementor-widget=\"1\" data-elementor-post-type=\"page\">\n\t\t\t\t\t\t<section class=\"elementor-section elementor-top-section elementor-element elementor-element-ab6a9f2 elementor-section-boxed elementor-section-height-default elementor-section-height-default\" data-id=\"ab6a9f2\" data-element_type=\"section\" data-e-type=\"section\">\n\t\t\t\t\t\t<div class=\"elementor-container elementor-column-gap-default\">\n\t\t\t\t\t<div class=\"elementor-column elementor-col-100 elementor-top-column elementor-element elementor-element-c8e1512\" data-id=\"c8e1512\" data-element_type=\"column\" data-e-type=\"column\">\n\t\t\t<div class=\"elementor-widget-wrap elementor-element-populated\">\n\t\t\t\t\t\t<div class=\"elementor-element elementor-element-74f3418 elementor-widget elementor-widget-heading\" data-id=\"74f3418\" data-element_type=\"widget\" data-e-type=\"widget\" data-widget_type=\"heading.default\">\n\t\t\t\t<div class=\"elementor-widget-container\">\n\t\t\t\t\t<h6 class=\"elementor-heading-title elementor-size-default\">La Compagnie Samba R\u00e9sille<\/h6>\t\t\t\t<\/div>\n\t\t\t\t<\/div>\n\t\t\t\t\t<\/div>\n\t\t<\/div>\n\t\t\t\t\t<\/div>\n\t\t<\/section>\n\t\t\t\t<section class=\"elementor-section elementor-top-section elementor-element elementor-element-d318bb8 elementor-section-boxed elementor-section-height-default elementor-section-height-default\" data-id=\"d318bb8\" data-element_type=\"section\" data-e-type=\"section\">\n\t\t\t\t\t\t<div class=\"elementor-container elementor-column-gap-default\">\n\t\t\t\t\t<div class=\"elementor-column elementor-col-33 elementor-top-column elementor-element elementor-element-e4ca44a\" data-id=\"e4ca44a\" data-element_type=\"column\" data-e-type=\"column\">\n\t\t\t<div class=\"elementor-widget-wrap elementor-element-populated\">\n\t\t\t\t\t\t<div class=\"elementor-element elementor-element-4a03c55 elementor-widget elementor-widget-text-editor\" data-id=\"4a03c55\" data-element_type=\"widget\" data-e-type=\"widget\" data-widget_type=\"text-editor.default\">\n\t\t\t\t<div class=\"elementor-widget-container\">\n\t\t\t\t\t\t\t\t\t<p><strong>La Compagnie Samba R\u00e9sille est compos\u00e9e des musiciens issus de son \u00e9cole de percussions br\u00e9siliennes.<\/strong> <br \/>Tous passionn\u00e9s de Samba, ces musiciens ont le d\u00e9sir de partager le tempo br\u00e9silien avec le public &#8230; de la caisse claire au chocalhos, du surdo \u00e0 l\u2019agogo ou \u00e0 la cloche, sous les baguettes du r\u00e9pinique, nos percussionnistes font vibrer les rues des villages et des villes mais surtout les c\u0153urs, en France et en Europe. <br \/>Forte de son exp\u00e9rience musicale et depuis 30 ans, la Compagnie Samba R\u00e9sille partage avec le public une nouvelle fa\u00e7on de d\u00e9ambuler dans l\u2019espace public au travers de spectacle musicaux sc\u00e9nographi\u00e9s, color\u00e9s et festifs.<br \/>De sa batucada endiabl\u00e9e, \u00e0 la parade de Los Muertos qui illumine la nuit aux couleurs fluo-phosphorescentes ou encore la Pieuvre et son banc de poissons, vous trouverez, \u00e0 n\u2019en pas douter, l\u2019occasion d\u2019animer vos festivit\u00e9s aux couleurs sonores du Samba.<\/p><p><strong>Contact et\u00a0 demande de devis :<\/strong><br \/><strong>Johann ANDOCHE, <\/strong><strong>Charg\u00e9 de diffusion <\/strong><br \/><a href=\"mailto:johann@samba-resille.org\" target=\"_blank\" rel=\"noopener\"><span style=\"color: #000000;\"><span style=\"color: #808080;\">johann@samba-resille.org<\/span><\/span><\/a><br \/>T. 05 34 416 216<\/p>\t\t\t\t\t\t\t\t<\/div>\n\t\t\t\t<\/div>\n\t\t\t\t\t<\/div>\n\t\t<\/div>\n\t\t\t\t<div class=\"elementor-column elementor-col-33 elementor-top-column elementor-element elementor-element-7f5aa51\" data-id=\"7f5aa51\" data-element_type=\"column\" data-e-type=\"column\">\n\t\t\t<div class=\"elementor-widget-wrap elementor-element-populated\">\n\t\t\t\t\t\t<div class=\"elementor-element elementor-element-5c56346 elementor-widget elementor-widget-image\" data-id=\"5c56346\" data-element_type=\"widget\" data-e-type=\"widget\" data-widget_type=\"image.default\">\n\t\t\t\t<div class=\"elementor-widget-container\">\n\t\t\t\t\t\t\t\t\t\t\t\t\t\t\t<img fetchpriority=\"high\" decoding=\"async\" width=\"800\" height=\"530\" src=\"https:\/\/samba-resille.org\/site\/wp-content\/uploads\/2021\/12\/66107339_10219659083889694_7668499541041086464_o-1024x678.jpg\" class=\"attachment-large size-large wp-image-3182\" alt=\"\" srcset=\"https:\/\/samba-resille.org\/site\/wp-content\/uploads\/2021\/12\/66107339_10219659083889694_7668499541041086464_o-1024x678.jpg 1024w, https:\/\/samba-resille.org\/site\/wp-content\/uploads\/2021\/12\/66107339_10219659083889694_7668499541041086464_o-300x199.jpg 300w, https:\/\/samba-resille.org\/site\/wp-content\/uploads\/2021\/12\/66107339_10219659083889694_7668499541041086464_o-768x509.jpg 768w, https:\/\/samba-resille.org\/site\/wp-content\/uploads\/2021\/12\/66107339_10219659083889694_7668499541041086464_o-1536x1017.jpg 1536w, https:\/\/samba-resille.org\/site\/wp-content\/uploads\/2021\/12\/66107339_10219659083889694_7668499541041086464_o.jpg 1848w\" sizes=\"(max-width: 800px) 100vw, 800px\" \/>\t\t\t\t\t\t\t\t\t\t\t\t\t\t\t<\/div>\n\t\t\t\t<\/div>\n\t\t\t\t<div class=\"elementor-element elementor-element-9fc25c7 elementor-widget elementor-widget-image\" data-id=\"9fc25c7\" data-element_type=\"widget\" data-e-type=\"widget\" data-widget_type=\"image.default\">\n\t\t\t\t<div class=\"elementor-widget-container\">\n\t\t\t\t\t\t\t\t\t\t\t\t\t\t\t<img decoding=\"async\" width=\"800\" height=\"600\" src=\"https:\/\/samba-resille.org\/site\/wp-content\/uploads\/2021\/08\/IMG_20190608_150351_1-1024x768.jpg\" class=\"attachment-large size-large wp-image-59\" alt=\"\" srcset=\"https:\/\/samba-resille.org\/site\/wp-content\/uploads\/2021\/08\/IMG_20190608_150351_1-1024x768.jpg 1024w, https:\/\/samba-resille.org\/site\/wp-content\/uploads\/2021\/08\/IMG_20190608_150351_1-300x225.jpg 300w, https:\/\/samba-resille.org\/site\/wp-content\/uploads\/2021\/08\/IMG_20190608_150351_1-768x576.jpg 768w, https:\/\/samba-resille.org\/site\/wp-content\/uploads\/2021\/08\/IMG_20190608_150351_1-160x120.jpg 160w, https:\/\/samba-resille.org\/site\/wp-content\/uploads\/2021\/08\/IMG_20190608_150351_1.jpg 1500w\" sizes=\"(max-width: 800px) 100vw, 800px\" \/>\t\t\t\t\t\t\t\t\t\t\t\t\t\t\t<\/div>\n\t\t\t\t<\/div>\n\t\t\t\t\t<\/div>\n\t\t<\/div>\n\t\t\t\t<div class=\"elementor-column elementor-col-33 elementor-top-column elementor-element elementor-element-9efbd09\" data-id=\"9efbd09\" data-element_type=\"column\" data-e-type=\"column\">\n\t\t\t<div class=\"elementor-widget-wrap elementor-element-populated\">\n\t\t\t\t\t\t<div class=\"elementor-element elementor-element-ffdcbf7 elementor-widget elementor-widget-video\" data-id=\"ffdcbf7\" data-element_type=\"widget\" data-e-type=\"widget\" data-settings=\"{&quot;youtube_url&quot;:&quot;https:\\\/\\\/youtu.be\\\/41du7o4furk&quot;,&quot;video_type&quot;:&quot;youtube&quot;,&quot;controls&quot;:&quot;yes&quot;}\" data-widget_type=\"video.default\">\n\t\t\t\t<div class=\"elementor-widget-container\">\n\t\t\t\t\t\t\t<div class=\"elementor-wrapper elementor-open-inline\">\n\t\t\t<div class=\"elementor-video\"><\/div>\t\t<\/div>\n\t\t\t\t\t\t<\/div>\n\t\t\t\t<\/div>\n\t\t\t\t<div class=\"elementor-element elementor-element-e7539ce elementor-widget elementor-widget-video\" data-id=\"e7539ce\" data-element_type=\"widget\" data-e-type=\"widget\" data-settings=\"{&quot;youtube_url&quot;:&quot;https:\\\/\\\/youtu.be\\\/xU6Gj7rKbhk&quot;,&quot;video_type&quot;:&quot;youtube&quot;,&quot;controls&quot;:&quot;yes&quot;}\" data-widget_type=\"video.default\">\n\t\t\t\t<div class=\"elementor-widget-container\">\n\t\t\t\t\t\t\t<div class=\"elementor-wrapper elementor-open-inline\">\n\t\t\t<div class=\"elementor-video\"><\/div>\t\t<\/div>\n\t\t\t\t\t\t<\/div>\n\t\t\t\t<\/div>\n\t\t\t\t\t<\/div>\n\t\t<\/div>\n\t\t\t\t\t<\/div>\n\t\t<\/section>\n\t\t\t\t<section class=\"elementor-section elementor-top-section elementor-element elementor-element-8430084 elementor-section-boxed elementor-section-height-default elementor-section-height-default\" data-id=\"8430084\" data-element_type=\"section\" data-e-type=\"section\">\n\t\t\t\t\t\t<div class=\"elementor-container elementor-column-gap-default\">\n\t\t\t\t\t<div class=\"elementor-column elementor-col-33 elementor-top-column elementor-element elementor-element-245d849\" data-id=\"245d849\" data-element_type=\"column\" data-e-type=\"column\">\n\t\t\t<div class=\"elementor-widget-wrap elementor-element-populated\">\n\t\t\t\t\t\t<div class=\"elementor-element elementor-element-446679e elementor-widget elementor-widget-heading\" data-id=\"446679e\" data-element_type=\"widget\" data-e-type=\"widget\" data-widget_type=\"heading.default\">\n\t\t\t\t<div class=\"elementor-widget-container\">\n\t\t\t\t\t<h2 class=\"elementor-heading-title elementor-size-default\"><a href=\"#elementor-action%3Aaction%3Dpopup%3Aopen%26settings%3DeyJpZCI6IjUzNjIiLCJ0b2dnbGUiOmZhbHNlfQ%3D%3D\">BATUCADA<\/a><\/h2>\t\t\t\t<\/div>\n\t\t\t\t<\/div>\n\t\t\t\t<div class=\"elementor-element elementor-element-c171ddf elementor-widget elementor-widget-text-editor\" data-id=\"c171ddf\" data-element_type=\"widget\" data-e-type=\"widget\" data-widget_type=\"text-editor.default\">\n\t\t\t\t<div class=\"elementor-widget-container\">\n\t\t\t\t\t\t\t\t\t<p>Tous passionn\u00e9s de Samba, ces musiciens ont le d\u00e9sir de partager le tempo br\u00e9silien avec le public &#8230; de la caisse claire au chocalhos, du surdo \u00e0 l\u2019agogo ou \u00e0 la cloche, sous les baguettes du r\u00e9pinique, nos percussionnistes font vibrer les rues des villages et des villes mais surtout les c\u0153urs, en France et en Europe.<\/p>\t\t\t\t\t\t\t\t<\/div>\n\t\t\t\t<\/div>\n\t\t\t\t<div class=\"elementor-element elementor-element-6895886 elementor-widget elementor-widget-spacer\" data-id=\"6895886\" data-element_type=\"widget\" data-e-type=\"widget\" data-widget_type=\"spacer.default\">\n\t\t\t\t<div class=\"elementor-widget-container\">\n\t\t\t\t\t\t\t<div class=\"elementor-spacer\">\n\t\t\t<div class=\"elementor-spacer-inner\"><\/div>\n\t\t<\/div>\n\t\t\t\t\t\t<\/div>\n\t\t\t\t<\/div>\n\t\t\t\t<div class=\"elementor-element elementor-element-ae40412 elementor-align-center elementor-widget elementor-widget-button\" data-id=\"ae40412\" data-element_type=\"widget\" data-e-type=\"widget\" data-widget_type=\"button.default\">\n\t\t\t\t<div class=\"elementor-widget-container\">\n\t\t\t\t\t\t\t\t\t<div class=\"elementor-button-wrapper\">\n\t\t\t\t\t<a class=\"elementor-button elementor-button-link elementor-size-sm\" href=\"#elementor-action%3Aaction%3Dpopup%3Aopen%26settings%3DeyJpZCI6IjUzNjIiLCJ0b2dnbGUiOmZhbHNlfQ%3D%3D\">\n\t\t\t\t\t\t<span class=\"elementor-button-content-wrapper\">\n\t\t\t\t\t\t\t\t\t<span class=\"elementor-button-text\">Fiche technique Batucada<\/span>\n\t\t\t\t\t<\/span>\n\t\t\t\t\t<\/a>\n\t\t\t\t<\/div>\n\t\t\t\t\t\t\t\t<\/div>\n\t\t\t\t<\/div>\n\t\t\t\t<div class=\"elementor-element elementor-element-f1da02f e-transform elementor-widget elementor-widget-image\" data-id=\"f1da02f\" data-element_type=\"widget\" data-e-type=\"widget\" data-settings=\"{&quot;_transform_scaleY_effect&quot;:{&quot;unit&quot;:&quot;px&quot;,&quot;size&quot;:0.9,&quot;sizes&quot;:[]},&quot;_transform_scaleX_effect&quot;:{&quot;unit&quot;:&quot;px&quot;,&quot;size&quot;:&quot;&quot;,&quot;sizes&quot;:[]},&quot;_transform_scaleX_effect_tablet&quot;:{&quot;unit&quot;:&quot;px&quot;,&quot;size&quot;:&quot;&quot;,&quot;sizes&quot;:[]},&quot;_transform_scaleX_effect_mobile&quot;:{&quot;unit&quot;:&quot;px&quot;,&quot;size&quot;:&quot;&quot;,&quot;sizes&quot;:[]},&quot;_transform_scaleY_effect_tablet&quot;:{&quot;unit&quot;:&quot;px&quot;,&quot;size&quot;:&quot;&quot;,&quot;sizes&quot;:[]},&quot;_transform_scaleY_effect_mobile&quot;:{&quot;unit&quot;:&quot;px&quot;,&quot;size&quot;:&quot;&quot;,&quot;sizes&quot;:[]}}\" data-widget_type=\"image.default\">\n\t\t\t\t<div class=\"elementor-widget-container\">\n\t\t\t\t\t\t\t\t\t\t\t\t\t\t\t\t<a href=\"#elementor-action%3Aaction%3Dpopup%3Aopen%26settings%3DeyJpZCI6IjUzNjIiLCJ0b2dnbGUiOmZhbHNlfQ%3D%3D\">\n\t\t\t\t\t\t\t<img decoding=\"async\" src=\"https:\/\/samba-resille.org\/site\/wp-content\/uploads\/elementor\/thumbs\/IMG_5040-scaled-qarnpw9ctvoapfi6mecjtx91xyyn12fc7h8otyayhu.jpg\" title=\"IMG_5040\" alt=\"IMG_5040\" loading=\"lazy\" \/>\t\t\t\t\t\t\t\t<\/a>\n\t\t\t\t\t\t\t\t\t\t\t\t\t\t\t<\/div>\n\t\t\t\t<\/div>\n\t\t\t\t\t<\/div>\n\t\t<\/div>\n\t\t\t\t<div class=\"elementor-column elementor-col-33 elementor-top-column elementor-element elementor-element-ce9341f\" data-id=\"ce9341f\" data-element_type=\"column\" data-e-type=\"column\">\n\t\t\t<div class=\"elementor-widget-wrap elementor-element-populated\">\n\t\t\t\t\t\t<div class=\"elementor-element elementor-element-84d2e45 elementor-widget elementor-widget-heading\" data-id=\"84d2e45\" data-element_type=\"widget\" data-e-type=\"widget\" data-widget_type=\"heading.default\">\n\t\t\t\t<div class=\"elementor-widget-container\">\n\t\t\t\t\t<h2 class=\"elementor-heading-title elementor-size-default\"><a href=\"#elementor-action%3Aaction%3Dpopup%3Aopen%26settings%3DeyJpZCI6IjUzMjciLCJ0b2dnbGUiOmZhbHNlfQ%3D%3D\">LA PIEUVRE<\/a><\/h2>\t\t\t\t<\/div>\n\t\t\t\t<\/div>\n\t\t\t\t<div class=\"elementor-element elementor-element-94a415c elementor-widget elementor-widget-text-editor\" data-id=\"94a415c\" data-element_type=\"widget\" data-e-type=\"widget\" data-widget_type=\"text-editor.default\">\n\t\t\t\t<div class=\"elementor-widget-container\">\n\t\t\t\t\t\t\t\t\t<p>En 2008, Samba R\u00e9sille cr\u00e9e le spectacle de la Pieuvre (1.0). Devant le succ\u00e8s de ce spectacle, une nouvelle pieuvre g\u00e9ante et son banc de poissons parcourent\u00a0 les villes\u2026 La Pieuvre 2.0.<br \/>Ce spectacle, sous des airs et des rythmes festifs, investit les probl\u00e9matiques de l\u2019eau&#8230;il se veut une interpellation de notre rapport \u00e0 la mer, surtout quand on vit dans une ville portuaire.<\/p>\t\t\t\t\t\t\t\t<\/div>\n\t\t\t\t<\/div>\n\t\t\t\t<div class=\"elementor-element elementor-element-1c753a6 elementor-align-center elementor-widget elementor-widget-button\" data-id=\"1c753a6\" data-element_type=\"widget\" data-e-type=\"widget\" data-widget_type=\"button.default\">\n\t\t\t\t<div class=\"elementor-widget-container\">\n\t\t\t\t\t\t\t\t\t<div class=\"elementor-button-wrapper\">\n\t\t\t\t\t<a class=\"elementor-button elementor-button-link elementor-size-sm\" href=\"#elementor-action%3Aaction%3Dpopup%3Aopen%26settings%3DeyJpZCI6IjUzMjciLCJ0b2dnbGUiOmZhbHNlfQ%3D%3D\">\n\t\t\t\t\t\t<span class=\"elementor-button-content-wrapper\">\n\t\t\t\t\t\t\t\t\t<span class=\"elementor-button-text\">Fiche technique La Pieuvre<\/span>\n\t\t\t\t\t<\/span>\n\t\t\t\t\t<\/a>\n\t\t\t\t<\/div>\n\t\t\t\t\t\t\t\t<\/div>\n\t\t\t\t<\/div>\n\t\t\t\t<div class=\"elementor-element elementor-element-407bdf9 elementor-widget elementor-widget-image\" data-id=\"407bdf9\" data-element_type=\"widget\" data-e-type=\"widget\" data-widget_type=\"image.default\">\n\t\t\t\t<div class=\"elementor-widget-container\">\n\t\t\t\t\t\t\t\t\t\t\t\t\t\t\t\t<a href=\"#elementor-action%3Aaction%3Dpopup%3Aopen%26settings%3DeyJpZCI6IjUzMjciLCJ0b2dnbGUiOmZhbHNlfQ%3D%3D\">\n\t\t\t\t\t\t\t<img decoding=\"async\" width=\"2100\" height=\"1452\" src=\"https:\/\/samba-resille.org\/site\/wp-content\/uploads\/2022\/10\/DSC_3565_2-scaled.jpg\" class=\"attachment-full size-full wp-image-5260\" alt=\"\" srcset=\"https:\/\/samba-resille.org\/site\/wp-content\/uploads\/2022\/10\/DSC_3565_2-scaled.jpg 2100w, https:\/\/samba-resille.org\/site\/wp-content\/uploads\/2022\/10\/DSC_3565_2-300x207.jpg 300w, https:\/\/samba-resille.org\/site\/wp-content\/uploads\/2022\/10\/DSC_3565_2-1024x708.jpg 1024w, https:\/\/samba-resille.org\/site\/wp-content\/uploads\/2022\/10\/DSC_3565_2-768x531.jpg 768w, https:\/\/samba-resille.org\/site\/wp-content\/uploads\/2022\/10\/DSC_3565_2-1536x1062.jpg 1536w, https:\/\/samba-resille.org\/site\/wp-content\/uploads\/2022\/10\/DSC_3565_2-2048x1416.jpg 2048w\" sizes=\"(max-width: 2100px) 100vw, 2100px\" \/>\t\t\t\t\t\t\t\t<\/a>\n\t\t\t\t\t\t\t\t\t\t\t\t\t\t\t<\/div>\n\t\t\t\t<\/div>\n\t\t\t\t\t<\/div>\n\t\t<\/div>\n\t\t\t\t<div class=\"elementor-column elementor-col-33 elementor-top-column elementor-element elementor-element-81c136d\" data-id=\"81c136d\" data-element_type=\"column\" data-e-type=\"column\">\n\t\t\t<div class=\"elementor-widget-wrap elementor-element-populated\">\n\t\t\t\t\t\t<div class=\"elementor-element elementor-element-44fec37 elementor-widget elementor-widget-heading\" data-id=\"44fec37\" data-element_type=\"widget\" data-e-type=\"widget\" data-widget_type=\"heading.default\">\n\t\t\t\t<div class=\"elementor-widget-container\">\n\t\t\t\t\t<h2 class=\"elementor-heading-title elementor-size-default\"><a href=\"#elementor-action%3Aaction%3Dpopup%3Aopen%26settings%3DeyJpZCI6IjUzNDciLCJ0b2dnbGUiOmZhbHNlfQ%3D%3D\">LA PARADE DE LOS MUERTOS<\/a><\/h2>\t\t\t\t<\/div>\n\t\t\t\t<\/div>\n\t\t\t\t<div class=\"elementor-element elementor-element-32ae505 elementor-widget elementor-widget-text-editor\" data-id=\"32ae505\" data-element_type=\"widget\" data-e-type=\"widget\" data-widget_type=\"text-editor.default\">\n\t\t\t\t<div class=\"elementor-widget-container\">\n\t\t\t\t\t\t\t\t\t<p>Spectacle nocturne inspir\u00e9 de la F\u00eate des morts qui se d\u00e9roule le Jour des Morts (Dia de los muertos), typique de la culture du Mexique et d\u2019Am\u00e9rique Centrale, cette parade propose au public une repr\u00e9sentation festive et populaire, avec de la musique, des couleurs vives et gaies. Une forme caricaturale et joyeuse de la mort&#8230;<\/p>\t\t\t\t\t\t\t\t<\/div>\n\t\t\t\t<\/div>\n\t\t\t\t<div class=\"elementor-element elementor-element-a4f6632 elementor-align-center elementor-widget elementor-widget-button\" data-id=\"a4f6632\" data-element_type=\"widget\" data-e-type=\"widget\" data-widget_type=\"button.default\">\n\t\t\t\t<div class=\"elementor-widget-container\">\n\t\t\t\t\t\t\t\t\t<div class=\"elementor-button-wrapper\">\n\t\t\t\t\t<a class=\"elementor-button elementor-button-link elementor-size-sm\" href=\"#elementor-action%3Aaction%3Dpopup%3Aopen%26settings%3DeyJpZCI6IjUzNDciLCJ0b2dnbGUiOmZhbHNlfQ%3D%3D\">\n\t\t\t\t\t\t<span class=\"elementor-button-content-wrapper\">\n\t\t\t\t\t\t\t\t\t<span class=\"elementor-button-text\">Fiche technique Los Muertos<\/span>\n\t\t\t\t\t<\/span>\n\t\t\t\t\t<\/a>\n\t\t\t\t<\/div>\n\t\t\t\t\t\t\t\t<\/div>\n\t\t\t\t<\/div>\n\t\t\t\t<div class=\"elementor-element elementor-element-4fe1cd6 elementor-widget elementor-widget-image\" data-id=\"4fe1cd6\" data-element_type=\"widget\" data-e-type=\"widget\" data-widget_type=\"image.default\">\n\t\t\t\t<div class=\"elementor-widget-container\">\n\t\t\t\t\t\t\t\t\t\t\t\t\t\t\t\t<a href=\"#elementor-action%3Aaction%3Dpopup%3Aopen%26settings%3DeyJpZCI6IjUzNDciLCJ0b2dnbGUiOmZhbHNlfQ%3D%3D\">\n\t\t\t\t\t\t\t<img loading=\"lazy\" decoding=\"async\" width=\"2100\" height=\"1400\" src=\"https:\/\/samba-resille.org\/site\/wp-content\/uploads\/2022\/10\/Alex_18-scaled.jpg\" class=\"attachment-full size-full wp-image-5266\" alt=\"\" srcset=\"https:\/\/samba-resille.org\/site\/wp-content\/uploads\/2022\/10\/Alex_18-scaled.jpg 2100w, https:\/\/samba-resille.org\/site\/wp-content\/uploads\/2022\/10\/Alex_18-300x200.jpg 300w, https:\/\/samba-resille.org\/site\/wp-content\/uploads\/2022\/10\/Alex_18-1024x683.jpg 1024w, https:\/\/samba-resille.org\/site\/wp-content\/uploads\/2022\/10\/Alex_18-768x512.jpg 768w, https:\/\/samba-resille.org\/site\/wp-content\/uploads\/2022\/10\/Alex_18-1536x1024.jpg 1536w, https:\/\/samba-resille.org\/site\/wp-content\/uploads\/2022\/10\/Alex_18-2048x1365.jpg 2048w\" sizes=\"(max-width: 2100px) 100vw, 2100px\" \/>\t\t\t\t\t\t\t\t<\/a>\n\t\t\t\t\t\t\t\t\t\t\t\t\t\t\t<\/div>\n\t\t\t\t<\/div>\n\t\t\t\t\t<\/div>\n\t\t<\/div>\n\t\t\t\t\t<\/div>\n\t\t<\/section>\n\t\t\t\t<section class=\"elementor-section elementor-top-section elementor-element elementor-element-86a3b83 elementor-section-boxed elementor-section-height-default elementor-section-height-default\" data-id=\"86a3b83\" data-element_type=\"section\" data-e-type=\"section\">\n\t\t\t\t\t\t<div class=\"elementor-container elementor-column-gap-default\">\n\t\t\t\t\t<div class=\"elementor-column elementor-col-33 elementor-top-column elementor-element elementor-element-2e8d97b\" data-id=\"2e8d97b\" data-element_type=\"column\" data-e-type=\"column\">\n\t\t\t<div class=\"elementor-widget-wrap\">\n\t\t\t\t\t\t\t<\/div>\n\t\t<\/div>\n\t\t\t\t<div class=\"elementor-column elementor-col-33 elementor-top-column elementor-element elementor-element-6da60a6\" data-id=\"6da60a6\" data-element_type=\"column\" data-e-type=\"column\">\n\t\t\t<div class=\"elementor-widget-wrap\">\n\t\t\t\t\t\t\t<\/div>\n\t\t<\/div>\n\t\t\t\t<div class=\"elementor-column elementor-col-33 elementor-top-column elementor-element elementor-element-5ea37fe\" data-id=\"5ea37fe\" data-element_type=\"column\" data-e-type=\"column\">\n\t\t\t<div class=\"elementor-widget-wrap elementor-element-populated\">\n\t\t\t\t\t\t<div class=\"elementor-element elementor-element-b6f4702 elementor-nav-menu__align-end e-transform elementor-hidden-tablet elementor-hidden-mobile elementor-widget__width-inherit elementor-nav-menu--dropdown-tablet elementor-nav-menu__text-align-aside elementor-nav-menu--toggle elementor-nav-menu--burger elementor-widget elementor-widget-global elementor-global-1752 elementor-widget-nav-menu\" data-id=\"b6f4702\" data-element_type=\"widget\" data-e-type=\"widget\" data-settings=\"{&quot;layout&quot;:&quot;vertical&quot;,&quot;sticky&quot;:&quot;bottom&quot;,&quot;_transform_translateX_effect&quot;:{&quot;unit&quot;:&quot;px&quot;,&quot;size&quot;:12,&quot;sizes&quot;:[]},&quot;submenu_icon&quot;:{&quot;value&quot;:&quot;fas fa-caret-down&quot;,&quot;library&quot;:&quot;fa-solid&quot;},&quot;toggle&quot;:&quot;burger&quot;,&quot;sticky_on&quot;:[&quot;desktop&quot;,&quot;tablet&quot;,&quot;mobile&quot;],&quot;sticky_offset&quot;:0,&quot;sticky_effects_offset&quot;:0,&quot;sticky_anchor_link_offset&quot;:0,&quot;_transform_translateX_effect_tablet&quot;:{&quot;unit&quot;:&quot;px&quot;,&quot;size&quot;:&quot;&quot;,&quot;sizes&quot;:[]},&quot;_transform_translateX_effect_mobile&quot;:{&quot;unit&quot;:&quot;px&quot;,&quot;size&quot;:&quot;&quot;,&quot;sizes&quot;:[]},&quot;_transform_translateY_effect&quot;:{&quot;unit&quot;:&quot;px&quot;,&quot;size&quot;:&quot;&quot;,&quot;sizes&quot;:[]},&quot;_transform_translateY_effect_tablet&quot;:{&quot;unit&quot;:&quot;px&quot;,&quot;size&quot;:&quot;&quot;,&quot;sizes&quot;:[]},&quot;_transform_translateY_effect_mobile&quot;:{&quot;unit&quot;:&quot;px&quot;,&quot;size&quot;:&quot;&quot;,&quot;sizes&quot;:[]}}\" data-widget_type=\"nav-menu.default\">\n\t\t\t\t<div class=\"elementor-widget-container\">\n\t\t\t\t\t\t\t\t<nav aria-label=\"Menu\" class=\"elementor-nav-menu--main elementor-nav-menu__container elementor-nav-menu--layout-vertical e--pointer-none\">\n\t\t\t\t<ul id=\"menu-1-b6f4702\" class=\"elementor-nav-menu sm-vertical\"><li class=\"menu-item menu-item-type-custom menu-item-object-custom menu-item-749\"><a href=\"https:\/\/samba-resille.org\/site\/equipe\/#nouscontacter\" class=\"elementor-item elementor-item-anchor\">Nous contacter<\/a><\/li>\n<li class=\"menu-item menu-item-type-custom menu-item-object-custom menu-item-1669\"><a href=\"https:\/\/samba-resille.org\/site\/acces-et-informations\/\" class=\"elementor-item\">Acc\u00e8s et informations<\/a><\/li>\n<li class=\"menu-item menu-item-type-custom menu-item-object-custom menu-item-home menu-item-1357\"><a href=\"https:\/\/samba-resille.org\/site\/#newsletter\" class=\"elementor-item elementor-item-anchor\">Inscription Newsletter<\/a><\/li>\n<\/ul>\t\t\t<\/nav>\n\t\t\t\t\t<div class=\"elementor-menu-toggle\" role=\"button\" tabindex=\"0\" aria-label=\"Permuter le menu\" aria-expanded=\"false\">\n\t\t\t<i aria-hidden=\"true\" role=\"presentation\" class=\"elementor-menu-toggle__icon--open eicon-menu-bar\"><\/i><i aria-hidden=\"true\" role=\"presentation\" class=\"elementor-menu-toggle__icon--close eicon-close\"><\/i>\t\t<\/div>\n\t\t\t\t\t<nav class=\"elementor-nav-menu--dropdown elementor-nav-menu__container\" aria-hidden=\"true\">\n\t\t\t\t<ul id=\"menu-2-b6f4702\" class=\"elementor-nav-menu sm-vertical\"><li class=\"menu-item menu-item-type-custom menu-item-object-custom menu-item-749\"><a href=\"https:\/\/samba-resille.org\/site\/equipe\/#nouscontacter\" class=\"elementor-item elementor-item-anchor\" tabindex=\"-1\">Nous contacter<\/a><\/li>\n<li class=\"menu-item menu-item-type-custom menu-item-object-custom menu-item-1669\"><a href=\"https:\/\/samba-resille.org\/site\/acces-et-informations\/\" class=\"elementor-item\" tabindex=\"-1\">Acc\u00e8s et informations<\/a><\/li>\n<li class=\"menu-item menu-item-type-custom menu-item-object-custom menu-item-home menu-item-1357\"><a href=\"https:\/\/samba-resille.org\/site\/#newsletter\" class=\"elementor-item elementor-item-anchor\" tabindex=\"-1\">Inscription Newsletter<\/a><\/li>\n<\/ul>\t\t\t<\/nav>\n\t\t\t\t\t\t<\/div>\n\t\t\t\t<\/div>\n\t\t\t\t\t<\/div>\n\t\t<\/div>\n\t\t\t\t\t<\/div>\n\t\t<\/section>\n\t\t\t\t<\/div>\n\t\t","protected":false},"excerpt":{"rendered":"<p>La Compagnie Samba R\u00e9sille La Compagnie Samba R\u00e9sille est compos\u00e9e des musiciens issus de son \u00e9cole de percussions br\u00e9siliennes. Tous passionn\u00e9s de Samba, ces musiciens ont le d\u00e9sir de partager le tempo br\u00e9silien avec le public &#8230; de la caisse claire au chocalhos, du surdo \u00e0 l\u2019agogo ou \u00e0 la cloche, sous les baguettes du [&hellip;]<\/p>\n","protected":false},"author":3,"featured_media":0,"parent":0,"menu_order":0,"comment_status":"closed","ping_status":"closed","template":"elementor_header_footer","meta":{"footnotes":""},"categories":[],"tags":[],"class_list":["post-4057","page","type-page","status-publish","hentry"],"_links":{"self":[{"href":"https:\/\/samba-resille.org\/site\/wp-json\/wp\/v2\/pages\/4057","targetHints":{"allow":["GET"]}}],"collection":[{"href":"https:\/\/samba-resille.org\/site\/wp-json\/wp\/v2\/pages"}],"about":[{"href":"https:\/\/samba-resille.org\/site\/wp-json\/wp\/v2\/types\/page"}],"author":[{"embeddable":true,"href":"https:\/\/samba-resille.org\/site\/wp-json\/wp\/v2\/users\/3"}],"replies":[{"embeddable":true,"href":"https:\/\/samba-resille.org\/site\/wp-json\/wp\/v2\/comments?post=4057"}],"version-history":[{"count":0,"href":"https:\/\/samba-resille.org\/site\/wp-json\/wp\/v2\/pages\/4057\/revisions"}],"wp:attachment":[{"href":"https:\/\/samba-resille.org\/site\/wp-json\/wp\/v2\/media?parent=4057"}],"wp:term":[{"taxonomy":"category","embeddable":true,"href":"https:\/\/samba-resille.org\/site\/wp-json\/wp\/v2\/categories?post=4057"},{"taxonomy":"post_tag","embeddable":true,"href":"https:\/\/samba-resille.org\/site\/wp-json\/wp\/v2\/tags?post=4057"}],"curies":[{"name":"wp","href":"https:\/\/api.w.org\/{rel}","templated":true}]}}